{"id":2525,"date":"2017-07-13T11:37:30","date_gmt":"2017-07-13T11:37:30","guid":{"rendered":"https:\/\/barcelonapaseodegracia.com\/home\/"},"modified":"2024-06-26T10:02:05","modified_gmt":"2024-06-26T10:02:05","slug":"%e4%b8%bb%e9%a1%b5","status":"publish","type":"page","link":"https:\/\/barcelonapaseodegracia.com\/zh-hans\/","title":{"rendered":"\u4e3b\u9875"},"content":{"rendered":"\n<div style=\"height:40px\" aria-hidden=\"true\" class=\"wp-block-spacer\"><\/div>\n\n\n\n<div class=\"wp-block-group common_section page_title is-layout-flow wp-block-group-is-layout-flow\"><div class=\"wp-block-group__inner-container\">\n<div id=\"sb_instagram\"  class=\"sbi sbi_mob_col_1 sbi_tab_col_3 sbi_col_3 sbi_width_resp\" style=\"padding-bottom: 10px;\" data-feedid=\"*6\"  data-res=\"auto\" data-cols=\"3\" data-colsmobile=\"1\" data-colstablet=\"3\" data-num=\"3\" data-nummobile=\"3\" data-item-padding=\"5\" data-shortcode-atts=\"{&quot;feed&quot;:&quot;6&quot;}\"  data-postid=\"2525\" data-locatornonce=\"085e65f4eb\" data-imageaspectratio=\"1:1\" data-sbi-flags=\"favorLocal,gdpr\">\n\t<div class=\"sb_instagram_header \"   >\n\t<a class=\"sbi_header_link\" target=\"_blank\" rel=\"nofollow noopener\" href=\"https:\/\/www.instagram.com\/barcelonapasseigdegracia\/\" title=\"@barcelonapasseigdegracia\">\n\t\t<div class=\"sbi_header_text sbi_no_bio\">\n\t\t\t<div class=\"sbi_header_img\">\n\t\t\t\t\t\t\t\t\t<div class=\"sbi_header_img_hover\"  ><svg class=\"sbi_new_logo fa-instagram fa-w-14\" aria-hidden=\"true\" data-fa-processed=\"\" aria-label=\"Instagram\" data-prefix=\"fab\" data-icon=\"instagram\" role=\"img\" viewBox=\"0 0 448 512\">\n\t                <path fill=\"currentColor\" d=\"M224.1 141c-63.6 0-114.9 51.3-114.9 114.9s51.3 114.9 114.9 114.9S339 319.5 339 255.9 287.7 141 224.1 141zm0 189.6c-41.1 0-74.7-33.5-74.7-74.7s33.5-74.7 74.7-74.7 74.7 33.5 74.7 74.7-33.6 74.7-74.7 74.7zm146.4-194.3c0 14.9-12 26.8-26.8 26.8-14.9 0-26.8-12-26.8-26.8s12-26.8 26.8-26.8 26.8 12 26.8 26.8zm76.1 27.2c-1.7-35.9-9.9-67.7-36.2-93.9-26.2-26.2-58-34.4-93.9-36.2-37-2.1-147.9-2.1-184.9 0-35.8 1.7-67.6 9.9-93.9 36.1s-34.4 58-36.2 93.9c-2.1 37-2.1 147.9 0 184.9 1.7 35.9 9.9 67.7 36.2 93.9s58 34.4 93.9 36.2c37 2.1 147.9 2.1 184.9 0 35.9-1.7 67.7-9.9 93.9-36.2 26.2-26.2 34.4-58 36.2-93.9 2.1-37 2.1-147.8 0-184.8zM398.8 388c-7.8 19.6-22.9 34.7-42.6 42.6-29.5 11.7-99.5 9-132.1 9s-102.7 2.6-132.1-9c-19.6-7.8-34.7-22.9-42.6-42.6-11.7-29.5-9-99.5-9-132.1s-2.6-102.7 9-132.1c7.8-19.6 22.9-34.7 42.6-42.6 29.5-11.7 99.5-9 132.1-9s102.7-2.6 132.1 9c19.6 7.8 34.7 22.9 42.6 42.6 11.7 29.5 9 99.5 9 132.1s2.7 102.7-9 132.1z\"><\/path>\n\t            <\/svg><\/div>\n\t\t\t\t\t<img loading=\"lazy\" decoding=\"async\"  src=\"https:\/\/barcelonapaseodegracia.com\/wp-content\/uploads\/2023\/07\/insta.png\" alt=\"barcelonapasseigdegracia\" width=\"50\" height=\"50\">\n\t\t\t\t\t\t\t\t\t\t\t<\/div>\n\n\t\t\t<div class=\"sbi_feedtheme_header_text\">\n\t\t\t\t<h3 style=\"color: rgb(205,0,157);\">barcelonapasseigdegracia<\/h3>\n\t\t\t\t\t\t\t<\/div>\n\t\t<\/div>\n\t<\/a>\n<\/div>\n\n    <div id=\"sbi_images\"  style=\"gap: 10px;\">\n\t\t<div class=\"sbi_item sbi_type_video sbi_new sbi_transition\" id=\"sbi_18040204241192959\" data-date=\"1733244739\">\n    <div class=\"sbi_photo_wrap\">\n        <a class=\"sbi_photo\" href=\"https:\/\/www.instagram.com\/reel\/DDH6E1GI0PW\/\" target=\"_blank\" rel=\"noopener nofollow\" data-full-res=\"https:\/\/scontent.cdninstagram.com\/v\/t51.75761-15\/468836033_18473264620031938_6085459401185707622_n.jpg?_nc_cat=101&#038;ccb=1-7&#038;_nc_sid=18de74&#038;_nc_ohc=NhifbRIcmfsQ7kNvgEF3Ndx&#038;_nc_zt=23&#038;_nc_ht=scontent.cdninstagram.com&#038;edm=ANo9K5cEAAAA&#038;_nc_gid=AEswBC8DC-QU4o2b2Rkxb2P&#038;oh=00_AYDJIKFbUpcn2-zEeOL6vQj6kOKhPswmdWtxdYzxzlDEcw&#038;oe=675693BA\" data-img-src-set=\"{&quot;d&quot;:&quot;https:\\\/\\\/scontent.cdninstagram.com\\\/v\\\/t51.75761-15\\\/468836033_18473264620031938_6085459401185707622_n.jpg?_nc_cat=101&amp;ccb=1-7&amp;_nc_sid=18de74&amp;_nc_ohc=NhifbRIcmfsQ7kNvgEF3Ndx&amp;_nc_zt=23&amp;_nc_ht=scontent.cdninstagram.com&amp;edm=ANo9K5cEAAAA&amp;_nc_gid=AEswBC8DC-QU4o2b2Rkxb2P&amp;oh=00_AYDJIKFbUpcn2-zEeOL6vQj6kOKhPswmdWtxdYzxzlDEcw&amp;oe=675693BA&quot;,&quot;150&quot;:&quot;https:\\\/\\\/scontent.cdninstagram.com\\\/v\\\/t51.75761-15\\\/468836033_18473264620031938_6085459401185707622_n.jpg?_nc_cat=101&amp;ccb=1-7&amp;_nc_sid=18de74&amp;_nc_ohc=NhifbRIcmfsQ7kNvgEF3Ndx&amp;_nc_zt=23&amp;_nc_ht=scontent.cdninstagram.com&amp;edm=ANo9K5cEAAAA&amp;_nc_gid=AEswBC8DC-QU4o2b2Rkxb2P&amp;oh=00_AYDJIKFbUpcn2-zEeOL6vQj6kOKhPswmdWtxdYzxzlDEcw&amp;oe=675693BA&quot;,&quot;320&quot;:&quot;https:\\\/\\\/scontent.cdninstagram.com\\\/v\\\/t51.75761-15\\\/468836033_18473264620031938_6085459401185707622_n.jpg?_nc_cat=101&amp;ccb=1-7&amp;_nc_sid=18de74&amp;_nc_ohc=NhifbRIcmfsQ7kNvgEF3Ndx&amp;_nc_zt=23&amp;_nc_ht=scontent.cdninstagram.com&amp;edm=ANo9K5cEAAAA&amp;_nc_gid=AEswBC8DC-QU4o2b2Rkxb2P&amp;oh=00_AYDJIKFbUpcn2-zEeOL6vQj6kOKhPswmdWtxdYzxzlDEcw&amp;oe=675693BA&quot;,&quot;640&quot;:&quot;https:\\\/\\\/scontent.cdninstagram.com\\\/v\\\/t51.75761-15\\\/468836033_18473264620031938_6085459401185707622_n.jpg?_nc_cat=101&amp;ccb=1-7&amp;_nc_sid=18de74&amp;_nc_ohc=NhifbRIcmfsQ7kNvgEF3Ndx&amp;_nc_zt=23&amp;_nc_ht=scontent.cdninstagram.com&amp;edm=ANo9K5cEAAAA&amp;_nc_gid=AEswBC8DC-QU4o2b2Rkxb2P&amp;oh=00_AYDJIKFbUpcn2-zEeOL6vQj6kOKhPswmdWtxdYzxzlDEcw&amp;oe=675693BA&quot;}\">\n            <span class=\"sbi-screenreader\">\ud83c\udf1f\ud83c\udf84El pasado 28 de noviembre vivimos un momen<\/span>\n            \t        <svg style=\"color: rgba(255,255,255,1)\" class=\"svg-inline--fa fa-play fa-w-14 sbi_playbtn\" aria-label=\"Play\" aria-hidden=\"true\" data-fa-processed=\"\" data-prefix=\"fa\" data-icon=\"play\" role=\"presentation\" xmlns=\"http:\/\/www.w3.org\/2000\/svg\" viewBox=\"0 0 448 512\"><path fill=\"currentColor\" d=\"M424.4 214.7L72.4 6.6C43.8-10.3 0 6.1 0 47.9V464c0 37.5 40.7 60.1 72.4 41.3l352-208c31.4-18.5 31.5-64.1 0-82.6z\"><\/path><\/svg>            <img decoding=\"async\" src=\"https:\/\/barcelonapaseodegracia.com\/wp-content\/plugins\/instagram-feed\/img\/placeholder.png\" alt=\"\ud83c\udf1f\ud83c\udf84El pasado 28 de noviembre vivimos un momento m\u00e1gico y \u00fanico con el gran espect\u00e1culo del encendido de luces de Navidad. \n\n\u00bfC\u00f3mo viviste este momento? \u00a1Cu\u00e9ntanos en los comentarios!\n\u2013\n\ud83c\udf1f\ud83c\udf84El passat 28 de novembre vam viure un moment m\u00e0gic i \u00fanic amb el gran espectacle de l\u2019encesa de llums de Nadal.\n\nCom vas viure aquest moment? Explica\u2019ns als comentaris!\n\u2013\n\ud83c\udf1f\ud83c\udf84Last November 28th we lived a magical and unique moment with the great spectacle of the Christmas lights switch-on. \n\nHow did you experience this moment? Tell us in the comments!\n\n#Associaci\u00f3PasseigDeGr\u00e0cia #PasseigDeGr\u00e0cia #Barcelona #Shopping #ShoppingBarcelona\">\n        <\/a>\n    <\/div>\n<\/div><div class=\"sbi_item sbi_type_carousel sbi_new sbi_transition\" id=\"sbi_18068437960711696\" data-date=\"1733130306\">\n    <div class=\"sbi_photo_wrap\">\n        <a class=\"sbi_photo\" href=\"https:\/\/www.instagram.com\/p\/DDEf9YKsQ8M\/\" target=\"_blank\" rel=\"noopener nofollow\" data-full-res=\"https:\/\/scontent.cdninstagram.com\/v\/t51.29350-15\/468887418_604257118839492_6045760205159143855_n.jpg?_nc_cat=107&#038;ccb=1-7&#038;_nc_sid=18de74&#038;_nc_ohc=EZXM1QvzRbkQ7kNvgEgjcKm&#038;_nc_zt=23&#038;_nc_ht=scontent.cdninstagram.com&#038;edm=ANo9K5cEAAAA&#038;_nc_gid=AEswBC8DC-QU4o2b2Rkxb2P&#038;oh=00_AYCoQVsXjgpKeK7RTqrQ85NCv8vAiDxJM2pq_e1NZRYC9w&#038;oe=6756A995\" data-img-src-set=\"{&quot;d&quot;:&quot;https:\\\/\\\/scontent.cdninstagram.com\\\/v\\\/t51.29350-15\\\/468887418_604257118839492_6045760205159143855_n.jpg?_nc_cat=107&amp;ccb=1-7&amp;_nc_sid=18de74&amp;_nc_ohc=EZXM1QvzRbkQ7kNvgEgjcKm&amp;_nc_zt=23&amp;_nc_ht=scontent.cdninstagram.com&amp;edm=ANo9K5cEAAAA&amp;_nc_gid=AEswBC8DC-QU4o2b2Rkxb2P&amp;oh=00_AYCoQVsXjgpKeK7RTqrQ85NCv8vAiDxJM2pq_e1NZRYC9w&amp;oe=6756A995&quot;,&quot;150&quot;:&quot;https:\\\/\\\/scontent.cdninstagram.com\\\/v\\\/t51.29350-15\\\/468887418_604257118839492_6045760205159143855_n.jpg?_nc_cat=107&amp;ccb=1-7&amp;_nc_sid=18de74&amp;_nc_ohc=EZXM1QvzRbkQ7kNvgEgjcKm&amp;_nc_zt=23&amp;_nc_ht=scontent.cdninstagram.com&amp;edm=ANo9K5cEAAAA&amp;_nc_gid=AEswBC8DC-QU4o2b2Rkxb2P&amp;oh=00_AYCoQVsXjgpKeK7RTqrQ85NCv8vAiDxJM2pq_e1NZRYC9w&amp;oe=6756A995&quot;,&quot;320&quot;:&quot;https:\\\/\\\/scontent.cdninstagram.com\\\/v\\\/t51.29350-15\\\/468887418_604257118839492_6045760205159143855_n.jpg?_nc_cat=107&amp;ccb=1-7&amp;_nc_sid=18de74&amp;_nc_ohc=EZXM1QvzRbkQ7kNvgEgjcKm&amp;_nc_zt=23&amp;_nc_ht=scontent.cdninstagram.com&amp;edm=ANo9K5cEAAAA&amp;_nc_gid=AEswBC8DC-QU4o2b2Rkxb2P&amp;oh=00_AYCoQVsXjgpKeK7RTqrQ85NCv8vAiDxJM2pq_e1NZRYC9w&amp;oe=6756A995&quot;,&quot;640&quot;:&quot;https:\\\/\\\/scontent.cdninstagram.com\\\/v\\\/t51.29350-15\\\/468887418_604257118839492_6045760205159143855_n.jpg?_nc_cat=107&amp;ccb=1-7&amp;_nc_sid=18de74&amp;_nc_ohc=EZXM1QvzRbkQ7kNvgEgjcKm&amp;_nc_zt=23&amp;_nc_ht=scontent.cdninstagram.com&amp;edm=ANo9K5cEAAAA&amp;_nc_gid=AEswBC8DC-QU4o2b2Rkxb2P&amp;oh=00_AYCoQVsXjgpKeK7RTqrQ85NCv8vAiDxJM2pq_e1NZRYC9w&amp;oe=6756A995&quot;}\">\n            <span class=\"sbi-screenreader\">\u2728\u00a1ATENCI\u00d3N!\u2728 Esta Navidad llega cargada de a<\/span>\n            <svg class=\"svg-inline--fa fa-clone fa-w-16 sbi_lightbox_carousel_icon\" aria-hidden=\"true\" aria-label=\"Clone\" data-fa-pro\u0192cessed=\"\" data-prefix=\"far\" data-icon=\"clone\" role=\"img\" xmlns=\"http:\/\/www.w3.org\/2000\/svg\" viewBox=\"0 0 512 512\">\n\t                <path fill=\"currentColor\" d=\"M464 0H144c-26.51 0-48 21.49-48 48v48H48c-26.51 0-48 21.49-48 48v320c0 26.51 21.49 48 48 48h320c26.51 0 48-21.49 48-48v-48h48c26.51 0 48-21.49 48-48V48c0-26.51-21.49-48-48-48zM362 464H54a6 6 0 0 1-6-6V150a6 6 0 0 1 6-6h42v224c0 26.51 21.49 48 48 48h224v42a6 6 0 0 1-6 6zm96-96H150a6 6 0 0 1-6-6V54a6 6 0 0 1 6-6h308a6 6 0 0 1 6 6v308a6 6 0 0 1-6 6z\"><\/path>\n\t            <\/svg>\t                    <img decoding=\"async\" src=\"https:\/\/barcelonapaseodegracia.com\/wp-content\/plugins\/instagram-feed\/img\/placeholder.png\" alt=\"\u2728\u00a1ATENCI\u00d3N!\u2728 Esta Navidad llega cargada de actividades en Passeig de Gr\u00e0cia aptas para todos los p\u00fablicos y que podr\u00e9is disfrutar con amigos y familia. \n\n\ud83d\udc49 Desliza el carrusel para ver la programaci\u00f3n.\n\n\ud83d\uddd3\ufe0f A partir del viernes 6 hasta el s\u00e1bado 21. \u00a1Te esperamos! \n\u2013\n\u2728ATENCI\u00d3!\u2728 Aquest Nadal arriba carregat d\u2019activitats al Passeig de Gr\u00e0cia per a tots els p\u00fablics, i que podreu gaudir amb amics i fam\u00edlia.\n\n\ud83d\udc49 Llisca el carrusel per veure la programaci\u00f3.\n\n\ud83d\uddd3\ufe0f A partir de divendres 6 fins a dissabte 21. Us esperem!\n\u2013\n\u2728ATTENTION!\u2728 This Christmas, Passeig de Gr\u00e0cia is packed with activities for all ages, perfect for enjoying with friends and family.\n\n\ud83d\udc49 Swipe through the carousel to see the full program.\n\n\ud83d\uddd3\ufe0f From Friday, 6th to Saturday, 21st. We look forward to seeing you!\n\n#Associaci\u00f3PasseigDeGr\u00e0cia #PasseigDeGr\u00e0cia #Barcelona #CalendarioAdviento #Navidad #NavidadPasseigDeGr\u00e0cia\">\n        <\/a>\n    <\/div>\n<\/div><div class=\"sbi_item sbi_type_image sbi_new sbi_transition\" id=\"sbi_18369295654116786\" data-date=\"1733045077\">\n    <div class=\"sbi_photo_wrap\">\n        <a class=\"sbi_photo\" href=\"https:\/\/www.instagram.com\/p\/DDB9Zf2ICJ0\/\" target=\"_blank\" rel=\"noopener nofollow\" data-full-res=\"https:\/\/scontent.cdninstagram.com\/v\/t51.29350-15\/468610278_1289369549078722_4909732520688768974_n.jpg?_nc_cat=102&#038;ccb=1-7&#038;_nc_sid=18de74&#038;_nc_ohc=o-oE0OOgnqAQ7kNvgHZZyd_&#038;_nc_zt=23&#038;_nc_ht=scontent.cdninstagram.com&#038;edm=ANo9K5cEAAAA&#038;_nc_gid=AEswBC8DC-QU4o2b2Rkxb2P&#038;oh=00_AYALB1os2Kj5q0EbROXNJUYfNBNj1G49TxYoyw3r32y3Sw&#038;oe=6756944E\" data-img-src-set=\"{&quot;d&quot;:&quot;https:\\\/\\\/scontent.cdninstagram.com\\\/v\\\/t51.29350-15\\\/468610278_1289369549078722_4909732520688768974_n.jpg?_nc_cat=102&amp;ccb=1-7&amp;_nc_sid=18de74&amp;_nc_ohc=o-oE0OOgnqAQ7kNvgHZZyd_&amp;_nc_zt=23&amp;_nc_ht=scontent.cdninstagram.com&amp;edm=ANo9K5cEAAAA&amp;_nc_gid=AEswBC8DC-QU4o2b2Rkxb2P&amp;oh=00_AYALB1os2Kj5q0EbROXNJUYfNBNj1G49TxYoyw3r32y3Sw&amp;oe=6756944E&quot;,&quot;150&quot;:&quot;https:\\\/\\\/scontent.cdninstagram.com\\\/v\\\/t51.29350-15\\\/468610278_1289369549078722_4909732520688768974_n.jpg?_nc_cat=102&amp;ccb=1-7&amp;_nc_sid=18de74&amp;_nc_ohc=o-oE0OOgnqAQ7kNvgHZZyd_&amp;_nc_zt=23&amp;_nc_ht=scontent.cdninstagram.com&amp;edm=ANo9K5cEAAAA&amp;_nc_gid=AEswBC8DC-QU4o2b2Rkxb2P&amp;oh=00_AYALB1os2Kj5q0EbROXNJUYfNBNj1G49TxYoyw3r32y3Sw&amp;oe=6756944E&quot;,&quot;320&quot;:&quot;https:\\\/\\\/scontent.cdninstagram.com\\\/v\\\/t51.29350-15\\\/468610278_1289369549078722_4909732520688768974_n.jpg?_nc_cat=102&amp;ccb=1-7&amp;_nc_sid=18de74&amp;_nc_ohc=o-oE0OOgnqAQ7kNvgHZZyd_&amp;_nc_zt=23&amp;_nc_ht=scontent.cdninstagram.com&amp;edm=ANo9K5cEAAAA&amp;_nc_gid=AEswBC8DC-QU4o2b2Rkxb2P&amp;oh=00_AYALB1os2Kj5q0EbROXNJUYfNBNj1G49TxYoyw3r32y3Sw&amp;oe=6756944E&quot;,&quot;640&quot;:&quot;https:\\\/\\\/scontent.cdninstagram.com\\\/v\\\/t51.29350-15\\\/468610278_1289369549078722_4909732520688768974_n.jpg?_nc_cat=102&amp;ccb=1-7&amp;_nc_sid=18de74&amp;_nc_ohc=o-oE0OOgnqAQ7kNvgHZZyd_&amp;_nc_zt=23&amp;_nc_ht=scontent.cdninstagram.com&amp;edm=ANo9K5cEAAAA&amp;_nc_gid=AEswBC8DC-QU4o2b2Rkxb2P&amp;oh=00_AYALB1os2Kj5q0EbROXNJUYfNBNj1G49TxYoyw3r32y3Sw&amp;oe=6756944E&quot;}\">\n            <span class=\"sbi-screenreader\">\ud83c\udf81\u2728\u00a1La magia de la Navidad llega con nuestro <\/span>\n            \t                    <img decoding=\"async\" src=\"https:\/\/barcelonapaseodegracia.com\/wp-content\/plugins\/instagram-feed\/img\/placeholder.png\" alt=\"\ud83c\udf81\u2728\u00a1La magia de la Navidad llega con nuestro Calendario de Adviento, lleno de sorpresas diarias! \n\n\ud83d\udd14Estate atento a nuestras redes sociales para no perderte nada.\n\nPara m\u00e1s informaci\u00f3n haz clic en el link en nuestra bio.\n\u2013\n\ud83c\udf81\u2728La m\u00e0gia del Nadal arriba amb el nostre Calendari d\u2019Advent, ple de sorpreses di\u00e0ries! \n\n\ud83d\udd14Estigues atent a les nostres xarxes socials per a no perdre\u2019t res.\n\nPer a m\u00e9s informaci\u00f3 fes clic al link de la nostra bio.\n\u2013\n\ud83c\udf81\u2728The magic of Christmas arrives with our Advent Calendar, full of daily surprises! \n\n\ud83d\udd14Stay tuned to our networks!\n\nFor more information click on the link in our bio.\n\n#Associaci\u00f3PasseigDeGr\u00e0cia #PasseigDeGr\u00e0cia #Barcelona #Shopping #ShoppingBarcelona\">\n        <\/a>\n    <\/div>\n<\/div>    <\/div>\n\n\t<div id=\"sbi_load\" >\n\n\t\t\t<a class=\"sbi_load_btn\" href=\"javascript:void(0);\">\n\t\t\t<span class=\"sbi_btn_text\">\u52a0\u8f7d\u66f4\u591a<\/span>\n\t\t\t<span class=\"sbi_loader sbi_hidden\" style=\"background-color: rgb(255, 255, 255);\" aria-hidden=\"true\"><\/span>\n\t\t<\/a>\n\t\n\t\t\t<span class=\"sbi_follow_btn sbi_custom\">\n        <a href=\"https:\/\/www.instagram.com\/barcelonapasseigdegracia\/\" style=\"background: rgb(64,139,209);\" target=\"_blank\" rel=\"nofollow noopener\">\n            <svg class=\"svg-inline--fa fa-instagram fa-w-14\" aria-hidden=\"true\" data-fa-processed=\"\" aria-label=\"Instagram\" data-prefix=\"fab\" data-icon=\"instagram\" role=\"img\" viewBox=\"0 0 448 512\">\n\t                <path fill=\"currentColor\" d=\"M224.1 141c-63.6 0-114.9 51.3-114.9 114.9s51.3 114.9 114.9 114.9S339 319.5 339 255.9 287.7 141 224.1 141zm0 189.6c-41.1 0-74.7-33.5-74.7-74.7s33.5-74.7 74.7-74.7 74.7 33.5 74.7 74.7-33.6 74.7-74.7 74.7zm146.4-194.3c0 14.9-12 26.8-26.8 26.8-14.9 0-26.8-12-26.8-26.8s12-26.8 26.8-26.8 26.8 12 26.8 26.8zm76.1 27.2c-1.7-35.9-9.9-67.7-36.2-93.9-26.2-26.2-58-34.4-93.9-36.2-37-2.1-147.9-2.1-184.9 0-35.8 1.7-67.6 9.9-93.9 36.1s-34.4 58-36.2 93.9c-2.1 37-2.1 147.9 0 184.9 1.7 35.9 9.9 67.7 36.2 93.9s58 34.4 93.9 36.2c37 2.1 147.9 2.1 184.9 0 35.9-1.7 67.7-9.9 93.9-36.2 26.2-26.2 34.4-58 36.2-93.9 2.1-37 2.1-147.8 0-184.8zM398.8 388c-7.8 19.6-22.9 34.7-42.6 42.6-29.5 11.7-99.5 9-132.1 9s-102.7 2.6-132.1-9c-19.6-7.8-34.7-22.9-42.6-42.6-11.7-29.5-9-99.5-9-132.1s-2.6-102.7 9-132.1c7.8-19.6 22.9-34.7 42.6-42.6 29.5-11.7 99.5-9 132.1-9s102.7-2.6 132.1 9c19.6 7.8 34.7 22.9 42.6 42.6 11.7 29.5 9 99.5 9 132.1s2.7 102.7-9 132.1z\"><\/path>\n\t            <\/svg>            <span>\u5173\u6ce8Instagram<\/span>\n        <\/a>\n    <\/span>\n\t\n<\/div>\n\n\t    <span class=\"sbi_resized_image_data\" data-feed-id=\"*6\" data-resized=\"{&quot;18369295654116786&quot;:{&quot;id&quot;:&quot;468610278_1289369549078722_4909732520688768974_n&quot;,&quot;ratio&quot;:&quot;1.00&quot;,&quot;sizes&quot;:{&quot;full&quot;:640,&quot;low&quot;:320,&quot;thumb&quot;:150}},&quot;18068437960711696&quot;:{&quot;id&quot;:&quot;468887418_604257118839492_6045760205159143855_n&quot;,&quot;ratio&quot;:&quot;1.00&quot;,&quot;sizes&quot;:{&quot;full&quot;:640,&quot;low&quot;:320,&quot;thumb&quot;:150}},&quot;18040204241192959&quot;:{&quot;id&quot;:&quot;468836033_18473264620031938_6085459401185707622_n&quot;,&quot;ratio&quot;:&quot;0.56&quot;,&quot;sizes&quot;:{&quot;full&quot;:640,&quot;low&quot;:320,&quot;thumb&quot;:150}}}\">\n\t<\/span>\n\t<\/div>\n\n\n<\/div><\/div>\n","protected":false},"excerpt":{"rendered":"","protected":false},"author":1,"featured_media":805,"parent":0,"menu_order":0,"comment_status":"closed","ping_status":"closed","template":"","meta":{"footnotes":""},"yoast_head":"<!-- This site is optimized with the Yoast SEO plugin v15.8 - https:\/\/yoast.com\/wordpress\/plugins\/seo\/ -->\n<title>\u683c\u62c9\u897f\u4e9a\u5927\u9053 | \u5df4\u585e\u7f57\u90a3\u6700\u8c6a\u534e\u7684\u5927\u9053<\/title>\n<meta name=\"description\" content=\"\u53d1\u73b0\u5df4\u585e\u7f57\u90a3\u6700\u5177\u6807\u5fd7\u6027\u800c\u72ec\u7279\u7684\u5927\u9053\u6240\u63d0\u4f9b\u7684\u6587\u5316\u3001\u8d2d\u7269\u548c\u7f8e\u98df\u3002\u4f53\u9a8c\u683c\u62c9\u897f\u4e9a\u5927\u9053\u3002 \u4f53\u9a8c\" \/>\n<meta name=\"robots\" content=\"index, follow, max-snippet:-1, max-image-preview:large, max-video-preview:-1\" \/>\n<link rel=\"canonical\" href=\"https:\/\/barcelonapaseodegracia.com\/zh-hans\/\" \/>\n<meta property=\"og:locale\" content=\"zh_CN\" \/>\n<meta property=\"og:type\" content=\"article\" \/>\n<meta property=\"og:title\" content=\"\u683c\u62c9\u897f\u4e9a\u5927\u9053 | \u5df4\u585e\u7f57\u90a3\u6700\u8c6a\u534e\u7684\u5927\u9053\" \/>\n<meta property=\"og:description\" content=\"\u53d1\u73b0\u5df4\u585e\u7f57\u90a3\u6700\u5177\u6807\u5fd7\u6027\u800c\u72ec\u7279\u7684\u5927\u9053\u6240\u63d0\u4f9b\u7684\u6587\u5316\u3001\u8d2d\u7269\u548c\u7f8e\u98df\u3002\u4f53\u9a8c\u683c\u62c9\u897f\u4e9a\u5927\u9053\u3002 \u4f53\u9a8c\" \/>\n<meta property=\"og:url\" content=\"https:\/\/barcelonapaseodegracia.com\/zh-hans\/\" \/>\n<meta property=\"og:site_name\" content=\"Associaci\u00f3 de Passeig de Gr\u00e0cia\" \/>\n<meta property=\"article:modified_time\" content=\"2024-06-26T10:02:05+00:00\" \/>\n<meta property=\"og:image\" content=\"https:\/\/barcelonapaseodegracia.com\/wp-content\/uploads\/2018\/03\/DSC1315-860x450.jpg\" \/>\n\t<meta property=\"og:image:width\" content=\"860\" \/>\n\t<meta property=\"og:image:height\" content=\"450\" \/>\n<meta name=\"twitter:card\" content=\"summary\" \/>\n<meta name=\"twitter:label1\" content=\"Est. reading time\">\n\t<meta name=\"twitter:data1\" content=\"1 minute\">\n<script type=\"application\/ld+json\" class=\"yoast-schema-graph\">{\"@context\":\"https:\/\/schema.org\",\"@graph\":[{\"@type\":\"WebSite\",\"@id\":\"https:\/\/barcelonapaseodegracia.com\/es\/#website\",\"url\":\"https:\/\/barcelonapaseodegracia.com\/es\/\",\"name\":\"Associaci\\u00f3 de Passeig de Gr\\u00e0cia\",\"description\":\"Otro sitio realizado con WordPress\",\"potentialAction\":[{\"@type\":\"SearchAction\",\"target\":\"https:\/\/barcelonapaseodegracia.com\/es\/?s={search_term_string}\",\"query-input\":\"required name=search_term_string\"}],\"inLanguage\":\"zh-CN\"},{\"@type\":\"ImageObject\",\"@id\":\"https:\/\/barcelonapaseodegracia.com\/zh-hans\/#primaryimage\",\"inLanguage\":\"zh-CN\",\"url\":\"https:\/\/barcelonapaseodegracia.com\/wp-content\/uploads\/2018\/03\/DSC1315-860x450.jpg\",\"width\":860,\"height\":450},{\"@type\":\"WebPage\",\"@id\":\"https:\/\/barcelonapaseodegracia.com\/zh-hans\/#webpage\",\"url\":\"https:\/\/barcelonapaseodegracia.com\/zh-hans\/\",\"name\":\"\\u683c\\u62c9\\u897f\\u4e9a\\u5927\\u9053 | \\u5df4\\u585e\\u7f57\\u90a3\\u6700\\u8c6a\\u534e\\u7684\\u5927\\u9053\",\"isPartOf\":{\"@id\":\"https:\/\/barcelonapaseodegracia.com\/es\/#website\"},\"primaryImageOfPage\":{\"@id\":\"https:\/\/barcelonapaseodegracia.com\/zh-hans\/#primaryimage\"},\"datePublished\":\"2017-07-13T11:37:30+00:00\",\"dateModified\":\"2024-06-26T10:02:05+00:00\",\"description\":\"\\u53d1\\u73b0\\u5df4\\u585e\\u7f57\\u90a3\\u6700\\u5177\\u6807\\u5fd7\\u6027\\u800c\\u72ec\\u7279\\u7684\\u5927\\u9053\\u6240\\u63d0\\u4f9b\\u7684\\u6587\\u5316\\u3001\\u8d2d\\u7269\\u548c\\u7f8e\\u98df\\u3002\\u4f53\\u9a8c\\u683c\\u62c9\\u897f\\u4e9a\\u5927\\u9053\\u3002 \\u4f53\\u9a8c\",\"breadcrumb\":{\"@id\":\"https:\/\/barcelonapaseodegracia.com\/zh-hans\/#breadcrumb\"},\"inLanguage\":\"zh-CN\",\"potentialAction\":[{\"@type\":\"ReadAction\",\"target\":[\"https:\/\/barcelonapaseodegracia.com\/zh-hans\/\"]}]},{\"@type\":\"BreadcrumbList\",\"@id\":\"https:\/\/barcelonapaseodegracia.com\/zh-hans\/#breadcrumb\",\"itemListElement\":[{\"@type\":\"ListItem\",\"position\":1,\"item\":{\"@type\":\"WebPage\",\"@id\":\"https:\/\/barcelonapaseodegracia.com\/zh-hans\/\",\"url\":\"https:\/\/barcelonapaseodegracia.com\/zh-hans\/\",\"name\":\"Home\"}},{\"@type\":\"ListItem\",\"position\":2,\"item\":{\"@type\":\"WebPage\",\"@id\":\"https:\/\/barcelonapaseodegracia.com\/zh-hans\/\",\"url\":\"https:\/\/barcelonapaseodegracia.com\/zh-hans\/\",\"name\":\"\\u4e3b\\u9875\"}}]}]}<\/script>\n<!-- \/ Yoast SEO plugin. -->","_links":{"self":[{"href":"https:\/\/barcelonapaseodegracia.com\/zh-hans\/wp-json\/wp\/v2\/pages\/2525"}],"collection":[{"href":"https:\/\/barcelonapaseodegracia.com\/zh-hans\/wp-json\/wp\/v2\/pages"}],"about":[{"href":"https:\/\/barcelonapaseodegracia.com\/zh-hans\/wp-json\/wp\/v2\/types\/page"}],"author":[{"embeddable":true,"href":"https:\/\/barcelonapaseodegracia.com\/zh-hans\/wp-json\/wp\/v2\/users\/1"}],"replies":[{"embeddable":true,"href":"https:\/\/barcelonapaseodegracia.com\/zh-hans\/wp-json\/wp\/v2\/comments?post=2525"}],"version-history":[{"count":9,"href":"https:\/\/barcelonapaseodegracia.com\/zh-hans\/wp-json\/wp\/v2\/pages\/2525\/revisions"}],"predecessor-version":[{"id":8806,"href":"https:\/\/barcelonapaseodegracia.com\/zh-hans\/wp-json\/wp\/v2\/pages\/2525\/revisions\/8806"}],"wp:featuredmedia":[{"embeddable":true,"href":"https:\/\/barcelonapaseodegracia.com\/zh-hans\/wp-json\/wp\/v2\/media\/805"}],"wp:attachment":[{"href":"https:\/\/barcelonapaseodegracia.com\/zh-hans\/wp-json\/wp\/v2\/media?parent=2525"}],"curies":[{"name":"wp","href":"https:\/\/api.w.org\/{rel}","templated":true}]}}