{"id":1586,"date":"2017-07-13T14:19:37","date_gmt":"2017-07-13T14:19:37","guid":{"rendered":"https:\/\/barcelonapaseodegracia.com\/quienes-somos\/"},"modified":"2025-10-03T09:07:25","modified_gmt":"2025-10-03T09:07:25","slug":"qui-sommes-nous","status":"publish","type":"page","link":"https:\/\/barcelonapaseodegracia.com\/fr\/qui-sommes-nous\/","title":{"rendered":"Qui sommes nous"},"content":{"rendered":"","protected":false},"excerpt":{"rendered":"","protected":false},"author":1,"featured_media":0,"parent":0,"menu_order":0,"comment_status":"closed","ping_status":"closed","template":"","meta":{"footnotes":""},"yoast_head":"<!-- This site is optimized with the Yoast SEO plugin v15.8 - https:\/\/yoast.com\/wordpress\/plugins\/seo\/ -->\n<title>Passeig de Gr\u00e0cia Barcelone | L&#039;association<\/title>\n<meta name=\"description\" content=\"D\u00e9couvrez l&#039;Association Passeig de Gr\u00e0cia, cr\u00e9\u00e9e pour la promotion de l&#039;une des avenues commerciales les plus r\u00e9put\u00e9es \u00e0 l&#039;\u00e9chelle mondiale.\" \/>\n<meta name=\"robots\" content=\"index, follow, max-snippet:-1, max-image-preview:large, max-video-preview:-1\" \/>\n<link rel=\"canonical\" href=\"https:\/\/barcelonapaseodegracia.com\/fr\/qui-sommes-nous\/\" \/>\n<meta property=\"og:locale\" content=\"fr_FR\" \/>\n<meta property=\"og:type\" content=\"article\" \/>\n<meta property=\"og:title\" content=\"Passeig de Gr\u00e0cia Barcelone | L&#039;association\" \/>\n<meta property=\"og:description\" content=\"D\u00e9couvrez l&#039;Association Passeig de Gr\u00e0cia, cr\u00e9\u00e9e pour la promotion de l&#039;une des avenues commerciales les plus r\u00e9put\u00e9es \u00e0 l&#039;\u00e9chelle mondiale.\" \/>\n<meta property=\"og:url\" content=\"https:\/\/barcelonapaseodegracia.com\/fr\/qui-sommes-nous\/\" \/>\n<meta property=\"og:site_name\" content=\"Associaci\u00f3 de Passeig de Gr\u00e0cia\" \/>\n<meta property=\"article:modified_time\" content=\"2025-10-03T09:07:25+00:00\" \/>\n<meta name=\"twitter:card\" content=\"summary\" \/>\n<script type=\"application\/ld+json\" class=\"yoast-schema-graph\">{\"@context\":\"https:\/\/schema.org\",\"@graph\":[{\"@type\":\"WebSite\",\"@id\":\"https:\/\/barcelonapaseodegracia.com\/es\/#website\",\"url\":\"https:\/\/barcelonapaseodegracia.com\/es\/\",\"name\":\"Associaci\\u00f3 de Passeig de Gr\\u00e0cia\",\"description\":\"Otro sitio realizado con WordPress\",\"potentialAction\":[{\"@type\":\"SearchAction\",\"target\":\"https:\/\/barcelonapaseodegracia.com\/es\/?s={search_term_string}\",\"query-input\":\"required name=search_term_string\"}],\"inLanguage\":\"fr-FR\"},{\"@type\":\"WebPage\",\"@id\":\"https:\/\/barcelonapaseodegracia.com\/fr\/qui-sommes-nous\/#webpage\",\"url\":\"https:\/\/barcelonapaseodegracia.com\/fr\/qui-sommes-nous\/\",\"name\":\"Passeig de Gr\\u00e0cia Barcelone | L'association\",\"isPartOf\":{\"@id\":\"https:\/\/barcelonapaseodegracia.com\/es\/#website\"},\"datePublished\":\"2017-07-13T14:19:37+00:00\",\"dateModified\":\"2025-10-03T09:07:25+00:00\",\"description\":\"D\\u00e9couvrez l'Association Passeig de Gr\\u00e0cia, cr\\u00e9\\u00e9e pour la promotion de l'une des avenues commerciales les plus r\\u00e9put\\u00e9es \\u00e0 l'\\u00e9chelle mondiale.\",\"breadcrumb\":{\"@id\":\"https:\/\/barcelonapaseodegracia.com\/fr\/qui-sommes-nous\/#breadcrumb\"},\"inLanguage\":\"fr-FR\",\"potentialAction\":[{\"@type\":\"ReadAction\",\"target\":[\"https:\/\/barcelonapaseodegracia.com\/fr\/qui-sommes-nous\/\"]}]},{\"@type\":\"BreadcrumbList\",\"@id\":\"https:\/\/barcelonapaseodegracia.com\/fr\/qui-sommes-nous\/#breadcrumb\",\"itemListElement\":[{\"@type\":\"ListItem\",\"position\":1,\"item\":{\"@type\":\"WebPage\",\"@id\":\"https:\/\/barcelonapaseodegracia.com\/fr\/\",\"url\":\"https:\/\/barcelonapaseodegracia.com\/fr\/\",\"name\":\"Home\"}},{\"@type\":\"ListItem\",\"position\":2,\"item\":{\"@type\":\"WebPage\",\"@id\":\"https:\/\/barcelonapaseodegracia.com\/fr\/qui-sommes-nous\/\",\"url\":\"https:\/\/barcelonapaseodegracia.com\/fr\/qui-sommes-nous\/\",\"name\":\"Qui sommes nous\"}}]}]}<\/script>\n<!-- \/ Yoast SEO plugin. -->","_links":{"self":[{"href":"https:\/\/barcelonapaseodegracia.com\/fr\/wp-json\/wp\/v2\/pages\/1586"}],"collection":[{"href":"https:\/\/barcelonapaseodegracia.com\/fr\/wp-json\/wp\/v2\/pages"}],"about":[{"href":"https:\/\/barcelonapaseodegracia.com\/fr\/wp-json\/wp\/v2\/types\/page"}],"author":[{"embeddable":true,"href":"https:\/\/barcelonapaseodegracia.com\/fr\/wp-json\/wp\/v2\/users\/1"}],"replies":[{"embeddable":true,"href":"https:\/\/barcelonapaseodegracia.com\/fr\/wp-json\/wp\/v2\/comments?post=1586"}],"version-history":[{"count":8,"href":"https:\/\/barcelonapaseodegracia.com\/fr\/wp-json\/wp\/v2\/pages\/1586\/revisions"}],"predecessor-version":[{"id":7206,"href":"https:\/\/barcelonapaseodegracia.com\/fr\/wp-json\/wp\/v2\/pages\/1586\/revisions\/7206"}],"wp:attachment":[{"href":"https:\/\/barcelonapaseodegracia.com\/fr\/wp-json\/wp\/v2\/media?parent=1586"}],"curies":[{"name":"wp","href":"https:\/\/api.w.org\/{rel}","templated":true}]}}