{"id":1579,"date":"2017-07-13T14:17:10","date_gmt":"2017-07-13T14:17:10","guid":{"rendered":"https:\/\/barcelonapaseodegracia.com\/mapa\/"},"modified":"2018-09-25T08:11:07","modified_gmt":"2018-09-25T08:11:07","slug":"carte","status":"publish","type":"page","link":"https:\/\/barcelonapaseodegracia.com\/fr\/carte\/","title":{"rendered":"Carte"},"content":{"rendered":"","protected":false},"excerpt":{"rendered":"","protected":false},"author":1,"featured_media":0,"parent":0,"menu_order":0,"comment_status":"closed","ping_status":"closed","template":"","meta":{"footnotes":""},"yoast_head":"<!-- This site is optimized with the Yoast SEO plugin v15.8 - https:\/\/yoast.com\/wordpress\/plugins\/seo\/ -->\n<title>Passeig de Gr\u00e0cia Barcelone | Street Guide - Carte<\/title>\n<meta name=\"description\" content=\"Localisez toutes les boutiques, b\u00e2timents modernistes, spas, ainsi que les meilleurs restaurants et h\u00f4tels du Passeig de Gr\u00e0cia de Barcelone sur notre carte interactive.\" \/>\n<meta name=\"robots\" content=\"index, follow, max-snippet:-1, max-image-preview:large, max-video-preview:-1\" \/>\n<link rel=\"canonical\" href=\"https:\/\/barcelonapaseodegracia.com\/fr\/carte\/\" \/>\n<meta property=\"og:locale\" content=\"fr_FR\" \/>\n<meta property=\"og:type\" content=\"article\" \/>\n<meta property=\"og:title\" content=\"Passeig de Gr\u00e0cia Barcelone | Street Guide - Carte\" \/>\n<meta property=\"og:description\" content=\"Localisez toutes les boutiques, b\u00e2timents modernistes, spas, ainsi que les meilleurs restaurants et h\u00f4tels du Passeig de Gr\u00e0cia de Barcelone sur notre carte interactive.\" \/>\n<meta property=\"og:url\" content=\"https:\/\/barcelonapaseodegracia.com\/fr\/carte\/\" \/>\n<meta property=\"og:site_name\" content=\"Associaci\u00f3 de Passeig de Gr\u00e0cia\" \/>\n<meta property=\"article:modified_time\" content=\"2018-09-25T08:11:07+00:00\" \/>\n<meta name=\"twitter:card\" content=\"summary\" \/>\n<script type=\"application\/ld+json\" class=\"yoast-schema-graph\">{\"@context\":\"https:\/\/schema.org\",\"@graph\":[{\"@type\":\"WebSite\",\"@id\":\"https:\/\/barcelonapaseodegracia.com\/es\/#website\",\"url\":\"https:\/\/barcelonapaseodegracia.com\/es\/\",\"name\":\"Associaci\\u00f3 de Passeig de Gr\\u00e0cia\",\"description\":\"Otro sitio realizado con WordPress\",\"potentialAction\":[{\"@type\":\"SearchAction\",\"target\":\"https:\/\/barcelonapaseodegracia.com\/es\/?s={search_term_string}\",\"query-input\":\"required name=search_term_string\"}],\"inLanguage\":\"fr-FR\"},{\"@type\":\"WebPage\",\"@id\":\"https:\/\/barcelonapaseodegracia.com\/fr\/carte\/#webpage\",\"url\":\"https:\/\/barcelonapaseodegracia.com\/fr\/carte\/\",\"name\":\"Passeig de Gr\\u00e0cia Barcelone | Street Guide - Carte\",\"isPartOf\":{\"@id\":\"https:\/\/barcelonapaseodegracia.com\/es\/#website\"},\"datePublished\":\"2017-07-13T14:17:10+00:00\",\"dateModified\":\"2018-09-25T08:11:07+00:00\",\"description\":\"Localisez toutes les boutiques, b\\u00e2timents modernistes, spas, ainsi que les meilleurs restaurants et h\\u00f4tels du Passeig de Gr\\u00e0cia de Barcelone sur notre carte interactive.\",\"breadcrumb\":{\"@id\":\"https:\/\/barcelonapaseodegracia.com\/fr\/carte\/#breadcrumb\"},\"inLanguage\":\"fr-FR\",\"potentialAction\":[{\"@type\":\"ReadAction\",\"target\":[\"https:\/\/barcelonapaseodegracia.com\/fr\/carte\/\"]}]},{\"@type\":\"BreadcrumbList\",\"@id\":\"https:\/\/barcelonapaseodegracia.com\/fr\/carte\/#breadcrumb\",\"itemListElement\":[{\"@type\":\"ListItem\",\"position\":1,\"item\":{\"@type\":\"WebPage\",\"@id\":\"https:\/\/barcelonapaseodegracia.com\/fr\/\",\"url\":\"https:\/\/barcelonapaseodegracia.com\/fr\/\",\"name\":\"Home\"}},{\"@type\":\"ListItem\",\"position\":2,\"item\":{\"@type\":\"WebPage\",\"@id\":\"https:\/\/barcelonapaseodegracia.com\/fr\/carte\/\",\"url\":\"https:\/\/barcelonapaseodegracia.com\/fr\/carte\/\",\"name\":\"Carte\"}}]}]}<\/script>\n<!-- \/ Yoast SEO plugin. -->","_links":{"self":[{"href":"https:\/\/barcelonapaseodegracia.com\/fr\/wp-json\/wp\/v2\/pages\/1579"}],"collection":[{"href":"https:\/\/barcelonapaseodegracia.com\/fr\/wp-json\/wp\/v2\/pages"}],"about":[{"href":"https:\/\/barcelonapaseodegracia.com\/fr\/wp-json\/wp\/v2\/types\/page"}],"author":[{"embeddable":true,"href":"https:\/\/barcelonapaseodegracia.com\/fr\/wp-json\/wp\/v2\/users\/1"}],"replies":[{"embeddable":true,"href":"https:\/\/barcelonapaseodegracia.com\/fr\/wp-json\/wp\/v2\/comments?post=1579"}],"version-history":[{"count":3,"href":"https:\/\/barcelonapaseodegracia.com\/fr\/wp-json\/wp\/v2\/pages\/1579\/revisions"}],"predecessor-version":[{"id":4430,"href":"https:\/\/barcelonapaseodegracia.com\/fr\/wp-json\/wp\/v2\/pages\/1579\/revisions\/4430"}],"wp:attachment":[{"href":"https:\/\/barcelonapaseodegracia.com\/fr\/wp-json\/wp\/v2\/media?parent=1579"}],"curies":[{"name":"wp","href":"https:\/\/api.w.org\/{rel}","templated":true}]}}