{"id":1565,"date":"2017-07-10T14:47:55","date_gmt":"2017-07-10T14:47:55","guid":{"rendered":"https:\/\/barcelonapaseodegracia.com\/experiencias\/"},"modified":"2018-09-25T06:39:46","modified_gmt":"2018-09-25T06:39:46","slug":"experiences","status":"publish","type":"page","link":"https:\/\/barcelonapaseodegracia.com\/fr\/experiences\/","title":{"rendered":"Exp\u00e9riences"},"content":{"rendered":"","protected":false},"excerpt":{"rendered":"","protected":false},"author":1,"featured_media":0,"parent":0,"menu_order":0,"comment_status":"closed","ping_status":"closed","template":"","meta":{"footnotes":""},"yoast_head":"<!-- This site is optimized with the Yoast SEO plugin v15.8 - https:\/\/yoast.com\/wordpress\/plugins\/seo\/ -->\n<title>Passeig de Gr\u00e0cia Barcelone | Exp\u00e9riences exclusives<\/title>\n<meta name=\"description\" content=\"Profitez des exp\u00e9riences que vous propose le Passeig de Gr\u00e0cia, depuis l&#039;architecture moderniste de Gaud\u00ed aux boutiques exclusives, en passant par les restaurants \u00e9toil\u00e9s par le guide Michelin.\" \/>\n<meta name=\"robots\" content=\"index, follow, max-snippet:-1, max-image-preview:large, max-video-preview:-1\" \/>\n<link rel=\"canonical\" href=\"https:\/\/barcelonapaseodegracia.com\/fr\/experiences\/\" \/>\n<meta property=\"og:locale\" content=\"fr_FR\" \/>\n<meta property=\"og:type\" content=\"article\" \/>\n<meta property=\"og:title\" content=\"Passeig de Gr\u00e0cia Barcelone | Exp\u00e9riences exclusives\" \/>\n<meta property=\"og:description\" content=\"Profitez des exp\u00e9riences que vous propose le Passeig de Gr\u00e0cia, depuis l&#039;architecture moderniste de Gaud\u00ed aux boutiques exclusives, en passant par les restaurants \u00e9toil\u00e9s par le guide Michelin.\" \/>\n<meta property=\"og:url\" content=\"https:\/\/barcelonapaseodegracia.com\/fr\/experiences\/\" \/>\n<meta property=\"og:site_name\" content=\"Associaci\u00f3 de Passeig de Gr\u00e0cia\" \/>\n<meta property=\"article:modified_time\" content=\"2018-09-25T06:39:46+00:00\" \/>\n<meta name=\"twitter:card\" content=\"summary\" \/>\n<script type=\"application\/ld+json\" class=\"yoast-schema-graph\">{\"@context\":\"https:\/\/schema.org\",\"@graph\":[{\"@type\":\"WebSite\",\"@id\":\"https:\/\/barcelonapaseodegracia.com\/es\/#website\",\"url\":\"https:\/\/barcelonapaseodegracia.com\/es\/\",\"name\":\"Associaci\\u00f3 de Passeig de Gr\\u00e0cia\",\"description\":\"Otro sitio realizado con WordPress\",\"potentialAction\":[{\"@type\":\"SearchAction\",\"target\":\"https:\/\/barcelonapaseodegracia.com\/es\/?s={search_term_string}\",\"query-input\":\"required name=search_term_string\"}],\"inLanguage\":\"fr-FR\"},{\"@type\":\"WebPage\",\"@id\":\"https:\/\/barcelonapaseodegracia.com\/fr\/experiences\/#webpage\",\"url\":\"https:\/\/barcelonapaseodegracia.com\/fr\/experiences\/\",\"name\":\"Passeig de Gr\\u00e0cia Barcelone | Exp\\u00e9riences exclusives\",\"isPartOf\":{\"@id\":\"https:\/\/barcelonapaseodegracia.com\/es\/#website\"},\"datePublished\":\"2017-07-10T14:47:55+00:00\",\"dateModified\":\"2018-09-25T06:39:46+00:00\",\"description\":\"Profitez des exp\\u00e9riences que vous propose le Passeig de Gr\\u00e0cia, depuis l'architecture moderniste de Gaud\\u00ed aux boutiques exclusives, en passant par les restaurants \\u00e9toil\\u00e9s par le guide Michelin.\",\"breadcrumb\":{\"@id\":\"https:\/\/barcelonapaseodegracia.com\/fr\/experiences\/#breadcrumb\"},\"inLanguage\":\"fr-FR\",\"potentialAction\":[{\"@type\":\"ReadAction\",\"target\":[\"https:\/\/barcelonapaseodegracia.com\/fr\/experiences\/\"]}]},{\"@type\":\"BreadcrumbList\",\"@id\":\"https:\/\/barcelonapaseodegracia.com\/fr\/experiences\/#breadcrumb\",\"itemListElement\":[{\"@type\":\"ListItem\",\"position\":1,\"item\":{\"@type\":\"WebPage\",\"@id\":\"https:\/\/barcelonapaseodegracia.com\/fr\/\",\"url\":\"https:\/\/barcelonapaseodegracia.com\/fr\/\",\"name\":\"Home\"}},{\"@type\":\"ListItem\",\"position\":2,\"item\":{\"@type\":\"WebPage\",\"@id\":\"https:\/\/barcelonapaseodegracia.com\/fr\/experiences\/\",\"url\":\"https:\/\/barcelonapaseodegracia.com\/fr\/experiences\/\",\"name\":\"Exp\\u00e9riences\"}}]}]}<\/script>\n<!-- \/ Yoast SEO plugin. -->","_links":{"self":[{"href":"https:\/\/barcelonapaseodegracia.com\/fr\/wp-json\/wp\/v2\/pages\/1565"}],"collection":[{"href":"https:\/\/barcelonapaseodegracia.com\/fr\/wp-json\/wp\/v2\/pages"}],"about":[{"href":"https:\/\/barcelonapaseodegracia.com\/fr\/wp-json\/wp\/v2\/types\/page"}],"author":[{"embeddable":true,"href":"https:\/\/barcelonapaseodegracia.com\/fr\/wp-json\/wp\/v2\/users\/1"}],"replies":[{"embeddable":true,"href":"https:\/\/barcelonapaseodegracia.com\/fr\/wp-json\/wp\/v2\/comments?post=1565"}],"version-history":[{"count":2,"href":"https:\/\/barcelonapaseodegracia.com\/fr\/wp-json\/wp\/v2\/pages\/1565\/revisions"}],"predecessor-version":[{"id":4425,"href":"https:\/\/barcelonapaseodegracia.com\/fr\/wp-json\/wp\/v2\/pages\/1565\/revisions\/4425"}],"wp:attachment":[{"href":"https:\/\/barcelonapaseodegracia.com\/fr\/wp-json\/wp\/v2\/media?parent=1565"}],"curies":[{"name":"wp","href":"https:\/\/api.w.org\/{rel}","templated":true}]}}