{"id":1559,"date":"2017-07-13T13:06:07","date_gmt":"2017-07-13T13:06:07","guid":{"rendered":"https:\/\/barcelonapaseodegracia.com\/brands-services\/"},"modified":"2018-09-25T08:07:15","modified_gmt":"2018-09-25T08:07:15","slug":"entreprises-et-services","status":"publish","type":"page","link":"https:\/\/barcelonapaseodegracia.com\/fr\/entreprises-et-services\/","title":{"rendered":"Entreprises et services"},"content":{"rendered":"","protected":false},"excerpt":{"rendered":"","protected":false},"author":1,"featured_media":0,"parent":0,"menu_order":0,"comment_status":"closed","ping_status":"closed","template":"","meta":{"footnotes":""},"yoast_head":"<!-- This site is optimized with the Yoast SEO plugin v15.8 - https:\/\/yoast.com\/wordpress\/plugins\/seo\/ -->\n<title>Passeig de Gr\u00e0cia Barcelone | Entreprises et services<\/title>\n<meta name=\"description\" content=\"D\u00e9couvrez toutes les marques, entreprises et services que propose le Passeig de Gr\u00e0cia, depuis les h\u00f4tels et les restaurants jusqu&#039;aux centres de wellness, les mus\u00e9es et beaucoup plus.\" \/>\n<meta name=\"robots\" content=\"index, follow, max-snippet:-1, max-image-preview:large, max-video-preview:-1\" \/>\n<link rel=\"canonical\" href=\"https:\/\/barcelonapaseodegracia.com\/fr\/entreprises-et-services\/\" \/>\n<meta property=\"og:locale\" content=\"fr_FR\" \/>\n<meta property=\"og:type\" content=\"article\" \/>\n<meta property=\"og:title\" content=\"Passeig de Gr\u00e0cia Barcelone | Entreprises et services\" \/>\n<meta property=\"og:description\" content=\"D\u00e9couvrez toutes les marques, entreprises et services que propose le Passeig de Gr\u00e0cia, depuis les h\u00f4tels et les restaurants jusqu&#039;aux centres de wellness, les mus\u00e9es et beaucoup plus.\" \/>\n<meta property=\"og:url\" content=\"https:\/\/barcelonapaseodegracia.com\/fr\/entreprises-et-services\/\" \/>\n<meta property=\"og:site_name\" content=\"Associaci\u00f3 de Passeig de Gr\u00e0cia\" \/>\n<meta property=\"article:modified_time\" content=\"2018-09-25T08:07:15+00:00\" \/>\n<meta name=\"twitter:card\" content=\"summary\" \/>\n<script type=\"application\/ld+json\" class=\"yoast-schema-graph\">{\"@context\":\"https:\/\/schema.org\",\"@graph\":[{\"@type\":\"WebSite\",\"@id\":\"https:\/\/barcelonapaseodegracia.com\/es\/#website\",\"url\":\"https:\/\/barcelonapaseodegracia.com\/es\/\",\"name\":\"Associaci\\u00f3 de Passeig de Gr\\u00e0cia\",\"description\":\"Otro sitio realizado con WordPress\",\"potentialAction\":[{\"@type\":\"SearchAction\",\"target\":\"https:\/\/barcelonapaseodegracia.com\/es\/?s={search_term_string}\",\"query-input\":\"required name=search_term_string\"}],\"inLanguage\":\"fr-FR\"},{\"@type\":\"WebPage\",\"@id\":\"https:\/\/barcelonapaseodegracia.com\/fr\/entreprises-et-services\/#webpage\",\"url\":\"https:\/\/barcelonapaseodegracia.com\/fr\/entreprises-et-services\/\",\"name\":\"Passeig de Gr\\u00e0cia Barcelone | Entreprises et services\",\"isPartOf\":{\"@id\":\"https:\/\/barcelonapaseodegracia.com\/es\/#website\"},\"datePublished\":\"2017-07-13T13:06:07+00:00\",\"dateModified\":\"2018-09-25T08:07:15+00:00\",\"description\":\"D\\u00e9couvrez toutes les marques, entreprises et services que propose le Passeig de Gr\\u00e0cia, depuis les h\\u00f4tels et les restaurants jusqu'aux centres de wellness, les mus\\u00e9es et beaucoup plus.\",\"breadcrumb\":{\"@id\":\"https:\/\/barcelonapaseodegracia.com\/fr\/entreprises-et-services\/#breadcrumb\"},\"inLanguage\":\"fr-FR\",\"potentialAction\":[{\"@type\":\"ReadAction\",\"target\":[\"https:\/\/barcelonapaseodegracia.com\/fr\/entreprises-et-services\/\"]}]},{\"@type\":\"BreadcrumbList\",\"@id\":\"https:\/\/barcelonapaseodegracia.com\/fr\/entreprises-et-services\/#breadcrumb\",\"itemListElement\":[{\"@type\":\"ListItem\",\"position\":1,\"item\":{\"@type\":\"WebPage\",\"@id\":\"https:\/\/barcelonapaseodegracia.com\/fr\/\",\"url\":\"https:\/\/barcelonapaseodegracia.com\/fr\/\",\"name\":\"Home\"}},{\"@type\":\"ListItem\",\"position\":2,\"item\":{\"@type\":\"WebPage\",\"@id\":\"https:\/\/barcelonapaseodegracia.com\/fr\/entreprises-et-services\/\",\"url\":\"https:\/\/barcelonapaseodegracia.com\/fr\/entreprises-et-services\/\",\"name\":\"Entreprises et services\"}}]}]}<\/script>\n<!-- \/ Yoast SEO plugin. -->","_links":{"self":[{"href":"https:\/\/barcelonapaseodegracia.com\/fr\/wp-json\/wp\/v2\/pages\/1559"}],"collection":[{"href":"https:\/\/barcelonapaseodegracia.com\/fr\/wp-json\/wp\/v2\/pages"}],"about":[{"href":"https:\/\/barcelonapaseodegracia.com\/fr\/wp-json\/wp\/v2\/types\/page"}],"author":[{"embeddable":true,"href":"https:\/\/barcelonapaseodegracia.com\/fr\/wp-json\/wp\/v2\/users\/1"}],"replies":[{"embeddable":true,"href":"https:\/\/barcelonapaseodegracia.com\/fr\/wp-json\/wp\/v2\/comments?post=1559"}],"version-history":[{"count":2,"href":"https:\/\/barcelonapaseodegracia.com\/fr\/wp-json\/wp\/v2\/pages\/1559\/revisions"}],"predecessor-version":[{"id":4424,"href":"https:\/\/barcelonapaseodegracia.com\/fr\/wp-json\/wp\/v2\/pages\/1559\/revisions\/4424"}],"wp:attachment":[{"href":"https:\/\/barcelonapaseodegracia.com\/fr\/wp-json\/wp\/v2\/media?parent=1559"}],"curies":[{"name":"wp","href":"https:\/\/api.w.org\/{rel}","templated":true}]}}