{"id":8987,"date":"2023-11-14T13:05:23","date_gmt":"2023-11-14T13:05:23","guid":{"rendered":"https:\/\/barcelonapaseodegracia.com\/?page_id=8987"},"modified":"2024-11-22T11:19:03","modified_gmt":"2024-11-22T11:19:03","slug":"shopping-experience","status":"publish","type":"page","link":"https:\/\/barcelonapaseodegracia.com\/es\/shopping-experience\/","title":{"rendered":"Shopping experience"},"content":{"rendered":"","protected":false},"excerpt":{"rendered":"","protected":false},"author":8,"featured_media":0,"parent":0,"menu_order":0,"comment_status":"closed","ping_status":"closed","template":"page-shopping-experiences-2024.php","meta":{"footnotes":""},"yoast_head":"<!-- This site is optimized with the Yoast SEO plugin v15.8 - https:\/\/yoast.com\/wordpress\/plugins\/seo\/ -->\n<title>Shopping experience - Barcelona shopping Stores - Associaci\u00f3 de Passeig de Gr\u00e0cia<\/title>\n<meta name=\"description\" content=\"Disfruta de una experiencia \u00fanica de compras en las Barcelona shopping stores m\u00e1s exclusivas de la mano de nuestros expertos, quienes te guiar\u00e1n y mostrar\u00e1n los edificios m\u00e1s emblem\u00e1ticos de Passeig de Gr\u00e0cia mientras exploras las mejores tiendas de marcas nacionales e internacionales.\" \/>\n<meta name=\"robots\" content=\"index, follow, max-snippet:-1, max-image-preview:large, max-video-preview:-1\" \/>\n<link rel=\"canonical\" href=\"https:\/\/barcelonapaseodegracia.com\/es\/shopping-experience\/\" \/>\n<meta property=\"og:locale\" content=\"es_ES\" \/>\n<meta property=\"og:type\" content=\"article\" \/>\n<meta property=\"og:title\" content=\"Shopping experience - Barcelona shopping Stores - Associaci\u00f3 de Passeig de Gr\u00e0cia\" \/>\n<meta property=\"og:description\" content=\"Disfruta de una experiencia \u00fanica de compras en las Barcelona shopping stores m\u00e1s exclusivas de la mano de nuestros expertos, quienes te guiar\u00e1n y mostrar\u00e1n los edificios m\u00e1s emblem\u00e1ticos de Passeig de Gr\u00e0cia mientras exploras las mejores tiendas de marcas nacionales e internacionales.\" \/>\n<meta property=\"og:url\" content=\"https:\/\/barcelonapaseodegracia.com\/es\/shopping-experience\/\" \/>\n<meta property=\"og:site_name\" content=\"Associaci\u00f3 de Passeig de Gr\u00e0cia\" \/>\n<meta property=\"article:modified_time\" content=\"2024-11-22T11:19:03+00:00\" \/>\n<meta name=\"twitter:card\" content=\"summary\" \/>\n<script type=\"application\/ld+json\" class=\"yoast-schema-graph\">{\"@context\":\"https:\/\/schema.org\",\"@graph\":[{\"@type\":\"WebSite\",\"@id\":\"https:\/\/barcelonapaseodegracia.com\/es\/#website\",\"url\":\"https:\/\/barcelonapaseodegracia.com\/es\/\",\"name\":\"Associaci\\u00f3 de Passeig de Gr\\u00e0cia\",\"description\":\"Otro sitio realizado con WordPress\",\"potentialAction\":[{\"@type\":\"SearchAction\",\"target\":\"https:\/\/barcelonapaseodegracia.com\/es\/?s={search_term_string}\",\"query-input\":\"required name=search_term_string\"}],\"inLanguage\":\"es\"},{\"@type\":\"WebPage\",\"@id\":\"https:\/\/barcelonapaseodegracia.com\/es\/shopping-experience\/#webpage\",\"url\":\"https:\/\/barcelonapaseodegracia.com\/es\/shopping-experience\/\",\"name\":\"Shopping experience - Barcelona shopping Stores - Associaci\\u00f3 de Passeig de Gr\\u00e0cia\",\"isPartOf\":{\"@id\":\"https:\/\/barcelonapaseodegracia.com\/es\/#website\"},\"datePublished\":\"2023-11-14T13:05:23+00:00\",\"dateModified\":\"2024-11-22T11:19:03+00:00\",\"description\":\"Disfruta de una experiencia \\u00fanica de compras en las Barcelona shopping stores m\\u00e1s exclusivas de la mano de nuestros expertos, quienes te guiar\\u00e1n y mostrar\\u00e1n los edificios m\\u00e1s emblem\\u00e1ticos de Passeig de Gr\\u00e0cia mientras exploras las mejores tiendas de marcas nacionales e internacionales.\",\"breadcrumb\":{\"@id\":\"https:\/\/barcelonapaseodegracia.com\/es\/shopping-experience\/#breadcrumb\"},\"inLanguage\":\"es\",\"potentialAction\":[{\"@type\":\"ReadAction\",\"target\":[\"https:\/\/barcelonapaseodegracia.com\/es\/shopping-experience\/\"]}]},{\"@type\":\"BreadcrumbList\",\"@id\":\"https:\/\/barcelonapaseodegracia.com\/es\/shopping-experience\/#breadcrumb\",\"itemListElement\":[{\"@type\":\"ListItem\",\"position\":1,\"item\":{\"@type\":\"WebPage\",\"@id\":\"https:\/\/barcelonapaseodegracia.com\/es\/\",\"url\":\"https:\/\/barcelonapaseodegracia.com\/es\/\",\"name\":\"Portada\"}},{\"@type\":\"ListItem\",\"position\":2,\"item\":{\"@type\":\"WebPage\",\"@id\":\"https:\/\/barcelonapaseodegracia.com\/es\/shopping-experience\/\",\"url\":\"https:\/\/barcelonapaseodegracia.com\/es\/shopping-experience\/\",\"name\":\"Shopping experience\"}}]}]}<\/script>\n<!-- \/ Yoast SEO plugin. -->","_links":{"self":[{"href":"https:\/\/barcelonapaseodegracia.com\/es\/wp-json\/wp\/v2\/pages\/8987"}],"collection":[{"href":"https:\/\/barcelonapaseodegracia.com\/es\/wp-json\/wp\/v2\/pages"}],"about":[{"href":"https:\/\/barcelonapaseodegracia.com\/es\/wp-json\/wp\/v2\/types\/page"}],"author":[{"embeddable":true,"href":"https:\/\/barcelonapaseodegracia.com\/es\/wp-json\/wp\/v2\/users\/8"}],"replies":[{"embeddable":true,"href":"https:\/\/barcelonapaseodegracia.com\/es\/wp-json\/wp\/v2\/comments?post=8987"}],"version-history":[{"count":1,"href":"https:\/\/barcelonapaseodegracia.com\/es\/wp-json\/wp\/v2\/pages\/8987\/revisions"}],"predecessor-version":[{"id":8988,"href":"https:\/\/barcelonapaseodegracia.com\/es\/wp-json\/wp\/v2\/pages\/8987\/revisions\/8988"}],"wp:attachment":[{"href":"https:\/\/barcelonapaseodegracia.com\/es\/wp-json\/wp\/v2\/media?parent=8987"}],"curies":[{"name":"wp","href":"https:\/\/api.w.org\/{rel}","templated":true}]}}