{"id":8716,"date":"2023-06-29T13:21:52","date_gmt":"2023-06-29T13:21:52","guid":{"rendered":"https:\/\/barcelonapaseodegracia.com\/?page_id=8716"},"modified":"2023-06-29T13:21:54","modified_gmt":"2023-06-29T13:21:54","slug":"politica-de-cookies","status":"publish","type":"page","link":"https:\/\/barcelonapaseodegracia.com\/es\/politica-de-cookies\/","title":{"rendered":"Pol\u00edtica de cookies"},"content":{"rendered":"\n<p><strong>\u00bfQu\u00e9 son las cookies?<\/strong><\/p>\n\n\n\n<p>Las cookies son peque\u00f1os archivos de datos que se reciben en el terminal desde el sitio Web visitado y se usan para registrar ciertas interacciones de la navegaci\u00f3n en un sitio Web almacenando datos que podr\u00e1n ser actualizados y recuperados. Estos archivos se almacenan en el ordenador del usuario y contiene datos an\u00f3nimos que no son perjudiciales para su equipo. Se utilizan para recordar las preferencias del usuario, como el idioma seleccionado, datos de acceso o personalizaci\u00f3n de la p\u00e1gina.<\/p>\n\n\n\n<p>Las Cookies tambi\u00e9n pueden ser utilizadas para registrar informaci\u00f3n an\u00f3nima acerca de c\u00f3mo un visitante utiliza un sitio. Por ejemplo, desde qu\u00e9 p\u00e1gina Web ha accedido, o si ha utilizado un \u00abbanner\u00bb publicitario para llegar.<\/p>\n\n\n\n<p><strong>\u00bfQu\u00e9 uso le damos a los diferentes tipos de cookies?<\/strong><\/p>\n\n\n\n<p><strong>Seg\u00fan su finalidad:<\/strong><\/p>\n\n\n\n<figure class=\"wp-block-table\"><table><tbody><tr><td><strong>&nbsp;<\/strong> <strong>&nbsp;<\/strong> <strong>&nbsp;<\/strong> <strong>&nbsp;<\/strong> <strong>Cookies t\u00e9cnicas<\/strong><strong><\/strong><\/td><td>&nbsp; Las cookies t\u00e9cnicas son aquellas que facilitan la navegaci\u00f3n del usuario y la utilizaci\u00f3n de las diferentes opciones o servicios que ofrece la web como identificar la sesi\u00f3n, permitir el acceso a determinadas \u00e1reas, facilitar pedidos, compras, cumplimentaci\u00f3n de formularios, inscripciones, seguridad, facilitar funcionalidades (videos, redes sociales\u2026). &nbsp;<\/td><\/tr><tr><td><strong>&nbsp;<\/strong> <strong>&nbsp;<\/strong> <strong>Cookies de personalizaci\u00f3n<\/strong><\/td><td>&nbsp; Las cookies de personalizaci\u00f3n permiten al usuario acceder a los servicios seg\u00fan sus preferencias (idioma, navegador, configuraci\u00f3n\u2026). &nbsp;<\/td><\/tr><tr><td><strong>&nbsp;<\/strong> <strong>&nbsp;<\/strong> <strong>Cookies anal\u00edticas<\/strong><strong><\/strong><\/td><td>&nbsp; Las cookies de an\u00e1lisis son las utilizadas para llevar a cabo el an\u00e1lisis an\u00f3nimo del comportamiento de los usuarios de la web y que permiten medir la actividad del usuario y elaborar perfiles de navegaci\u00f3n con el fin objetivo de mejorar los sitios web. &nbsp;<\/td><\/tr><tr><td><strong>&nbsp;<\/strong> <strong>&nbsp;<\/strong> <strong>&nbsp;<\/strong> <strong>&nbsp;<\/strong> <strong>Cookies publicitarias<\/strong><\/td><td>&nbsp; Las cookies publicitarias permiten la gesti\u00f3n de los espacios publicitarios de la web. Adem\u00e1s, estas cookies pueden ser de publicidad personalizada y permitir as\u00ed la gesti\u00f3n de los espacios publicitarios de la web en base al comportamiento y h\u00e1bitos de navegaci\u00f3n de usuario, de donde se obtiene su perfil y permiten personalizar la publicidad que se muestra en el navegador del usuario u otros perfiles y redes sociales del usuario. &nbsp;<\/td><\/tr><\/tbody><\/table><\/figure>\n\n\n\n<p><strong>Seg\u00fan su plazo:<\/strong><\/p>\n\n\n\n<figure class=\"wp-block-table\"><table><tbody><tr><td><strong>&nbsp;<\/strong> <strong>Cookies de sesi\u00f3n<\/strong><strong><\/strong><\/td><td>&nbsp; Las cookies de sesi\u00f3n son aquellas que duran el tiempo que el usuario est\u00e1 navegando por la p\u00e1gina Web y se borran al cerrar el navegador. &nbsp;<\/td><\/tr><tr><td><strong>&nbsp;<\/strong> <strong>&nbsp;<\/strong> <strong>Cookies persistentes<\/strong><\/td><td>&nbsp; Estas cookies quedan almacenadas en el terminal del usuario hasta que son eliminadas manualmente o haya concluido el periodo de duraci\u00f3n establecido para dicha cookie. &nbsp;<\/td><\/tr><\/tbody><\/table><\/figure>\n\n\n\n<p><strong>Seg\u00fan su titularidad:<\/strong><\/p>\n\n\n\n<figure class=\"wp-block-table\"><table><tbody><tr><td><strong>&nbsp;<\/strong> <strong>Cookies propias<\/strong><strong><\/strong><\/td><td>&nbsp; Aqu\u00e9llas que se env\u00edan al equipo terminal del usuario desde un equipo o dominio gestionado por el propio editor y desde el que se presta el servicio solicitado por el usuario. &nbsp;<\/td><\/tr><tr><td><strong>&nbsp;<\/strong> <strong>&nbsp;<\/strong> <strong>Cookies de terceros<\/strong><\/td><td>&nbsp; Aqu\u00e9llas que se env\u00edan al equipo terminal del usuario desde un equipo o dominio que no es gestionado por el editor, sino por otra entidad que trata los datos obtenidos trav\u00e9s de las cookies.<\/td><\/tr><\/tbody><\/table><\/figure>\n\n\n\n<p><strong>La siguiente tabla recoge la clasificaci\u00f3n y descripci\u00f3n de las cookies utilizadas en la presente p\u00e1gina web para que puedas identificarlas en tu navegador:<\/strong><\/p>\n\n\n\n<figure class=\"wp-block-table\"><table><tbody><tr><td><strong>Nombre<\/strong><\/td><td><strong>Titular<\/strong><\/td><td><strong>Datos recabados<\/strong><\/td><td><strong>Finalidad<\/strong><\/td><td><strong>Duraci\u00f3n<\/strong><\/td><\/tr><tr><td><strong>_ga<\/strong><\/td><td>Cookie propia<\/td><td>Sesiones de los visitantes. Se usan para distinguir a los usuarios.<\/td><td>Anal\u00edtica.<\/td><td>2 a\u00f1os.<\/td><\/tr><tr><td><strong>_ga_[ID]<\/strong><\/td><td>Cookie propia<\/td><td>Sesiones de los visitantes.<\/td><td>Anal\u00edtica.<\/td><td>13 meses. &nbsp;<\/td><\/tr><tr><td><strong>PHPSESSID<\/strong><\/td><td>Cookie propia<\/td><td>Sesiones y preferencias del visitante.<\/td><td>T\u00e9cnica.<\/td><td>Al finalizar la sesi\u00f3n con el navegador.<\/td><\/tr><tr><td><strong>moove_gdpr_popup<\/strong><strong><\/strong><\/td><td>Cookie propia<\/td><td>Gesti\u00f3n de la aceptaci\u00f3n de las cookies (\u201cpop -up\u201d).<\/td><td>T\u00e9cnica.<\/td><td>1 a\u00f1o.<\/td><\/tr><\/tbody><\/table><\/figure>\n\n\n\n<p><strong>ASOCIACI\u00d3N PASEO DE GRACIA<\/strong> utiliza cookies t\u00e9cnicas, de personalizaci\u00f3n y an\u00e1lisis, propias y de terceros, que tratan datos de conexi\u00f3n y\/o del dispositivo, as\u00ed como h\u00e1bitos de navegaci\u00f3n para fines estad\u00edsticos.<\/p>\n\n\n\n<p>Por ello, al acceder a nuestra web, en cumplimiento del art\u00edculo 22 de la Ley de Servicios de la Sociedad de la Informaci\u00f3n le hemos solicitado su consentimiento para su uso.<\/p>\n\n\n\n<p>El suministro de datos personales a trav\u00e9s de nuestro portal y el consentimiento para el uso de cookies requiere una edad m\u00ednima de 14 a\u00f1os y la aceptaci\u00f3n expresa de nuestra Pol\u00edtica de Privacidad.<\/p>\n\n\n\n<p><strong>De todas formas, le informamos que puede activar o desactivar las cookies siguiendo las instrucciones de su navegador de Internet:<\/strong><\/p>\n\n\n\n<figure class=\"wp-block-table\"><table><tbody><tr><td><strong>Chrome<\/strong><strong><\/strong> <strong>&nbsp;<\/strong><\/td><td>Configuraci\u00f3n > Mostrar opciones avanzadas > Privacidad > Configuraci\u00f3n de contenido.<\/td><td><a href=\"https:\/\/support.google.com\/\">support.google.com<\/a> &nbsp;<\/td><td>&nbsp;<\/td><\/tr><tr><td><strong>&nbsp;<\/strong> <strong>Firefox<\/strong> <strong>&nbsp;<\/strong><\/td><td>Herramientas > Opciones > Privacidad > Historial > Configuraci\u00f3n Personalizada.<\/td><td><a href=\"https:\/\/support.mozilla.org\/\">support.mozilla.org<\/a><\/td><td>&nbsp;<\/td><\/tr><tr><td><strong>Internet Explorer<\/strong><strong><\/strong> <strong>&nbsp;<\/strong><\/td><td>\u00a0 Herramientas > Opciones de Internet > Privacidad > Configuraci\u00f3n. \u00a0<\/td><td><a href=\"https:\/\/windows.microsoft.com\">windows.microsoft.com<\/a><\/td><td>&nbsp;<\/td><\/tr><tr><td><strong>Opera<\/strong> <strong>&nbsp;<\/strong><\/td><td>\u00a0 Herramientas > Preferencias > Editar preferencias > Cookies. \u00a0<\/td><td><a href=\"http:\/\/www.opera.com\/help\/tutorials\/security\/cookies\/\">http:\/\/www.opera.com\/help\/tutorials\/security\/cookies\/<\/a><\/td><td>&nbsp; &nbsp;<\/td><\/tr><tr><td><strong>&nbsp;<\/strong> <strong>Safari<\/strong><strong><\/strong> <strong>&nbsp;<\/strong><\/td><td>\u00a0 Preferencias > Seguridad. \u00a0<\/td><td><a href=\"http:\/\/www.apple.com\">http:\/\/www.apple.com<\/a><\/td><td>&nbsp;<\/td><\/tr><tr><td><strong>Edge<\/strong> <strong>&nbsp;<\/strong><\/td><td>\u00a0 Configuraci\u00f3n > Ver configuraci\u00f3n avanzada > Privacidad y servicios > Cookies. \u00a0<\/td><td><a href=\"https:\/\/privacy.microsoft.com\/es-es\/windows-10-microsoft-edge-and-privacy\">https:\/\/privacy.microsoft.com\/es-es\/windows-10-microsoft-edge-and-privacy<\/a> &nbsp;<\/td><td>&nbsp;<\/td><\/tr><\/tbody><\/table><\/figure>\n","protected":false},"excerpt":{"rendered":"<p>\u00bfQu\u00e9 son las cookies? Las cookies son peque\u00f1os archivos de datos que se reciben en el terminal desde el sitio Web visitado y se usan para registrar ciertas interacciones de la navegaci\u00f3n en un sitio Web almacenando datos que podr\u00e1n ser actualizados y recuperados. Estos archivos se almacenan en el ordenador del usuario y contiene [&hellip;]<\/p>\n","protected":false},"author":8,"featured_media":0,"parent":0,"menu_order":0,"comment_status":"closed","ping_status":"closed","template":"page-empty.php","meta":{"footnotes":""},"yoast_head":"<!-- This site is optimized with the Yoast SEO plugin v15.8 - https:\/\/yoast.com\/wordpress\/plugins\/seo\/ -->\n<title>Pol\u00edtica de cookies - Associaci\u00f3 de Passeig de Gr\u00e0cia<\/title>\n<meta name=\"robots\" content=\"index, follow, max-snippet:-1, max-image-preview:large, max-video-preview:-1\" \/>\n<link rel=\"canonical\" href=\"https:\/\/barcelonapaseodegracia.com\/es\/politica-de-cookies\/\" \/>\n<meta property=\"og:locale\" content=\"es_ES\" \/>\n<meta property=\"og:type\" content=\"article\" \/>\n<meta property=\"og:title\" content=\"Pol\u00edtica de cookies - Associaci\u00f3 de Passeig de Gr\u00e0cia\" \/>\n<meta property=\"og:description\" content=\"\u00bfQu\u00e9 son las cookies? Las cookies son peque\u00f1os archivos de datos que se reciben en el terminal desde el sitio Web visitado y se usan para registrar ciertas interacciones de la navegaci\u00f3n en un sitio Web almacenando datos que podr\u00e1n ser actualizados y recuperados. Estos archivos se almacenan en el ordenador del usuario y contiene [&hellip;]\" \/>\n<meta property=\"og:url\" content=\"https:\/\/barcelonapaseodegracia.com\/es\/politica-de-cookies\/\" \/>\n<meta property=\"og:site_name\" content=\"Associaci\u00f3 de Passeig de Gr\u00e0cia\" \/>\n<meta property=\"article:modified_time\" content=\"2023-06-29T13:21:54+00:00\" \/>\n<meta name=\"twitter:card\" content=\"summary\" \/>\n<meta name=\"twitter:label1\" content=\"Tiempo de lectura\">\n\t<meta name=\"twitter:data1\" content=\"4 minutos\">\n<script type=\"application\/ld+json\" class=\"yoast-schema-graph\">{\"@context\":\"https:\/\/schema.org\",\"@graph\":[{\"@type\":\"WebSite\",\"@id\":\"https:\/\/barcelonapaseodegracia.com\/es\/#website\",\"url\":\"https:\/\/barcelonapaseodegracia.com\/es\/\",\"name\":\"Associaci\\u00f3 de Passeig de Gr\\u00e0cia\",\"description\":\"Otro sitio realizado con WordPress\",\"potentialAction\":[{\"@type\":\"SearchAction\",\"target\":\"https:\/\/barcelonapaseodegracia.com\/es\/?s={search_term_string}\",\"query-input\":\"required name=search_term_string\"}],\"inLanguage\":\"es\"},{\"@type\":\"WebPage\",\"@id\":\"https:\/\/barcelonapaseodegracia.com\/es\/politica-de-cookies\/#webpage\",\"url\":\"https:\/\/barcelonapaseodegracia.com\/es\/politica-de-cookies\/\",\"name\":\"Pol\\u00edtica de cookies - Associaci\\u00f3 de Passeig de Gr\\u00e0cia\",\"isPartOf\":{\"@id\":\"https:\/\/barcelonapaseodegracia.com\/es\/#website\"},\"datePublished\":\"2023-06-29T13:21:52+00:00\",\"dateModified\":\"2023-06-29T13:21:54+00:00\",\"breadcrumb\":{\"@id\":\"https:\/\/barcelonapaseodegracia.com\/es\/politica-de-cookies\/#breadcrumb\"},\"inLanguage\":\"es\",\"potentialAction\":[{\"@type\":\"ReadAction\",\"target\":[\"https:\/\/barcelonapaseodegracia.com\/es\/politica-de-cookies\/\"]}]},{\"@type\":\"BreadcrumbList\",\"@id\":\"https:\/\/barcelonapaseodegracia.com\/es\/politica-de-cookies\/#breadcrumb\",\"itemListElement\":[{\"@type\":\"ListItem\",\"position\":1,\"item\":{\"@type\":\"WebPage\",\"@id\":\"https:\/\/barcelonapaseodegracia.com\/es\/\",\"url\":\"https:\/\/barcelonapaseodegracia.com\/es\/\",\"name\":\"Portada\"}},{\"@type\":\"ListItem\",\"position\":2,\"item\":{\"@type\":\"WebPage\",\"@id\":\"https:\/\/barcelonapaseodegracia.com\/es\/politica-de-cookies\/\",\"url\":\"https:\/\/barcelonapaseodegracia.com\/es\/politica-de-cookies\/\",\"name\":\"Pol\\u00edtica de cookies\"}}]}]}<\/script>\n<!-- \/ Yoast SEO plugin. -->","_links":{"self":[{"href":"https:\/\/barcelonapaseodegracia.com\/es\/wp-json\/wp\/v2\/pages\/8716"}],"collection":[{"href":"https:\/\/barcelonapaseodegracia.com\/es\/wp-json\/wp\/v2\/pages"}],"about":[{"href":"https:\/\/barcelonapaseodegracia.com\/es\/wp-json\/wp\/v2\/types\/page"}],"author":[{"embeddable":true,"href":"https:\/\/barcelonapaseodegracia.com\/es\/wp-json\/wp\/v2\/users\/8"}],"replies":[{"embeddable":true,"href":"https:\/\/barcelonapaseodegracia.com\/es\/wp-json\/wp\/v2\/comments?post=8716"}],"version-history":[{"count":1,"href":"https:\/\/barcelonapaseodegracia.com\/es\/wp-json\/wp\/v2\/pages\/8716\/revisions"}],"predecessor-version":[{"id":8717,"href":"https:\/\/barcelonapaseodegracia.com\/es\/wp-json\/wp\/v2\/pages\/8716\/revisions\/8717"}],"wp:attachment":[{"href":"https:\/\/barcelonapaseodegracia.com\/es\/wp-json\/wp\/v2\/media?parent=8716"}],"curies":[{"name":"wp","href":"https:\/\/api.w.org\/{rel}","templated":true}]}}