{"id":8700,"date":"2023-06-29T08:07:32","date_gmt":"2023-06-29T08:07:32","guid":{"rendered":"https:\/\/barcelonapaseodegracia.com\/?page_id=8700"},"modified":"2024-06-05T10:47:16","modified_gmt":"2024-06-05T10:47:16","slug":"aviso-legal","status":"publish","type":"page","link":"https:\/\/barcelonapaseodegracia.com\/es\/aviso-legal\/","title":{"rendered":"Aviso legal"},"content":{"rendered":"\n<p>Esta p\u00e1gina Web es propiedad de ASSOCIACIO AMICS DEL PASSEIG DE GRACIA (en adelante ASOCIACI\u00d3N PASEO DE GRACIA), con NIF n\u00ba G58760786 y domicilio en Ps. de Gr\u00e0cia, 37, 2\u00ba 1\u00aa, 08007, Barcelona (Espa\u00f1a) e Inscrita en el Registro \u2026\u2026\u2026\u2026\u2026\u2026\u2026\u2026\u2026\u2026\u2026\u2026\u2026\u2026\u2026\u2026\u2026\u2026\u2026\u2026<\/p>\n\n\n\n<p>Para cualquier consulta o propuesta, cont\u00e1ctenos llamando al tel\u00e9fono +34 93 302 76 16 o en el e-mail <a href=\"mailto:info@barcelonapasseigdegracia.com\">info@barcelonapasseigdegracia.com<\/a>.<\/p>\n\n\n\n<p>Esta p\u00e1gina Web se rige por la normativa exclusivamente aplicable en Espa\u00f1a, quedando sometida a ella, tanto nacionales como extranjeros que utilicen esta Web.<\/p>\n\n\n\n<p>El acceso a nuestra p\u00e1gina Web por parte de la PERSONA USUARIA es gratuito y su uso se rige por las condiciones de uso vigentes en el momento del acceso, que rogamos lea detenidamente. Si la PERSONA USUARIA no estuviere de acuerdo con las presentes condiciones de uso, deber\u00e1 abstenerse de utilizar este portal y operar por medio del mismo, pudiendo contactar con nosotros para que le resolvamos cualquier duda en relaci\u00f3n a las mismas.<\/p>\n\n\n\n<p>El suministro de datos personales a trav\u00e9s de nuestro portal requiere una edad m\u00ednima de 14 a\u00f1os, o en su caso, disponer de capacidad jur\u00eddica suficiente para contratar.<\/p>\n\n\n\n<p>En cualquier momento podremos modificar la presentaci\u00f3n y configuraci\u00f3n de nuestra Web, ampliar o reducir servicios, e incluso suprimirla de la Red, as\u00ed como los servicios y contenidos prestados.<\/p>\n\n\n\n<p><strong>A. PROPIEDAD INTELECTUAL<\/strong><\/p>\n\n\n\n<p>Todos los contenidos, textos, im\u00e1genes, y c\u00f3digos fuente son propiedad de ASOCIACI\u00d3N PASEO DE GRACIA o de terceros a los que se han adquirido sus derechos de explotaci\u00f3n, y est\u00e1n protegidos por los derechos de Propiedad Intelectual e Industrial.<\/p>\n\n\n\n<p>La PERSONA USUARIA \u00fanicamente tiene derecho a un uso privado de los mismos, sin \u00e1nimo de lucro, y necesita autorizaci\u00f3n expresa para modificarlos, reproducirlos, explotarlos, distribuirlos o ejercer cualquier derecho perteneciente a su titular.<\/p>\n\n\n\n<p>El establecimiento de enlaces a nuestro portal no confiere ning\u00fan derecho sobre el mismo. Asimismo, el simple hecho de establecer un enlace a nuestra p\u00e1gina web no da derecho a otorgarse la categor\u00eda de colaborador o socio.<\/p>\n\n\n\n<p>ASOCIACI\u00d3N PASEO DE GRACIA queda exonerado de responsabilidad por cualquier reclamaci\u00f3n respecto a los derechos de propiedad intelectual de los art\u00edculos e im\u00e1genes publicadas por terceros en su portal.<\/p>\n\n\n\n<p>Est\u00e1 absolutamente prohibida la imitaci\u00f3n ya sea total o parcial de nuestro portal o el establecimiento de enlaces a nuestra p\u00e1gina web sin la autorizaci\u00f3n previa de ASOCIACI\u00d3N PASEO DE GRACIA.<\/p>\n\n\n\n<p><strong>B. CONDICIONES DE ACCESO Y USO<\/strong><\/p>\n\n\n\n<p>El acceso a nuestra p\u00e1gina Web es gratuito y no exige suscripci\u00f3n o registro previo. Sin embargo, determinados servicios son de acceso restringido a determinadas PERSONAS USUARIAS y requieren haber realizado un proceso de registro y\/o la identificaci\u00f3n mediante contrase\u00f1as. Estos servicios quedan debidamente identificados dentro del apartado <strong>\u201cAsociaci\u00f3n\u201d<\/strong> \u2013 \u201c<strong>eConcierge\u201d<\/strong> de la Web.<\/p>\n\n\n\n<p><strong>B.1. Perfiles de Usuarios y Funcionalidades de la Plataforma eConcierge<\/strong><\/p>\n\n\n\n<p>La Plataforma eConcierge (en adelante, Plataforma) accesible desde el apartado \u201cAsociaci\u00f3n\u201d de nuestra p\u00e1gina web tiene la finalidad de poner en contacto los distintos establecimientos hoteleros de la ciudad, a trav\u00e9s del perfil \u201cConcierge\u201d, con los establecimientos asociados y registrados como \u201cEstablecimientos\u201d del Paseo de Gracia que se publicitan en esta Plataforma.<\/p>\n\n\n\n<p>En ese sentido, existen dos tipos de perfiles para registrarse en la Plataforma eConcierge:<\/p>\n\n\n\n<ol>\n<li>Registrarse como Concierge: cuando te registras como \u201cConcierge\u201d puedes acceder a toda la informaci\u00f3n publicada por parte de los establecimientos registrados que se publicitan a trav\u00e9s de la Plataforma con relaci\u00f3n a sus servicios para darlos a conocer a los clientes del hotel. Como \u201cConcierge\u201d tambi\u00e9n puedes ponerte en contacto con los establecimientos a trav\u00e9s de los datos y personas de contacto de su perfil.<\/li>\n\n\n\n<li>Registrarse como Establecimiento: cuando te registras como \u201cEstablecimiento\u201d puedes introducir toda la informaci\u00f3n que desees acerca de tu establecimiento o negocio para dar a conocer tus servicios y actividades a trav\u00e9s de la Plataforma a los usuarios registrados como \u201cConcierges\u201d y, de este modo, poder llegar al p\u00fablico de los establecimientos hoteleros de la ciudad. &nbsp;<\/li>\n<\/ol>\n\n\n\n<p>Una vez la PERSONA USUARIA est\u00e9 registrada en la Plataforma, podr\u00e1, en cualquier momento, editar y actualizar sus datos e informaci\u00f3n introducida en su Perfil en el apartado \u201cEditar datos\u201d de la Plataforma.<\/p>\n\n\n\n<p><strong>B.2. Condiciones de Acceso y Uso<\/strong><\/p>\n\n\n\n<p>El env\u00edo de datos personales implica la aceptaci\u00f3n expresa por parte de la PERSONA USUARIA de nuestra pol\u00edtica de privacidad.<\/p>\n\n\n\n<p>La PERSONA USUARIA debe acceder a nuestra p\u00e1gina Web y Plataforma conforme a la buena fe, las normas de orden p\u00fablico y a las presentes Condiciones Generales de uso. El acceso a nuestro sitio Web y Plataforma se realiza bajo la propia y exclusiva responsabilidad de la PERSONA USUARIA, que responder\u00e1 en todo caso de los da\u00f1os y perjuicios que pueda causar a terceros o a nosotros mismos.<\/p>\n\n\n\n<p>La PERSONA USUARIA tiene expresamente prohibida la utilizaci\u00f3n y obtenci\u00f3n de los servicios, y contenidos ofrecidos en la presente p\u00e1gina web y Plataforma, por procedimientos distintos a los estipulados en las presentes condiciones de uso.<\/p>\n\n\n\n<p>La PERSONA USUARIA tiene prohibido cualquier tipo de acci\u00f3n sobre nuestro portal o Plataforma que origine una excesiva sobrecarga de funcionamiento a nuestros sistemas inform\u00e1ticos, as\u00ed como la introducci\u00f3n de virus, o instalaci\u00f3n de robots, o software que altere el normal funcionamiento de nuestra web y Plataforma, o en definitiva pueda causar da\u00f1os a nuestros sistemas inform\u00e1ticos.<\/p>\n\n\n\n<p>Teniendo en cuenta la dificultad de control respecto a la informaci\u00f3n, contenidos y servicios que contengan p\u00e1ginas web de terceros disponibles desde nuestra p\u00e1gina web o Plataforma, le comunicamos que ASOCIACI\u00d3N PASEO DE GRACIA, no se hace responsable de los mismos, sin perjuicio de que intentar\u00e1, en la medida de lo posible, velar por su legalidad.<\/p>\n\n\n\n<p>ASOCIACI\u00d3N PASEO DE GRACIA se reserva el derecho a dar de baja a cualquier PERSONA USUARIA que la organizaci\u00f3n entienda que ha vulnerado las condiciones que rigen el uso de nuestra p\u00e1gina web. Asimismo, se reserva el derecho de ejercitar las acciones legales oportunas contra aquellos que vulneren las presentes condiciones generales de uso.<\/p>\n\n\n\n<p><strong>C. POL\u00cdTICA DE PRIVACIDAD<\/strong><\/p>\n\n\n\n<p>La confidencialidad y la seguridad son valores primordiales de ASOCIACI\u00d3N PASEO DE GRACIA y, en consecuencia, asumimos el compromiso de garantizar la privacidad de la PERSONA USUARIA en todo momento y de no recabar informaci\u00f3n innecesaria.<\/p>\n\n\n\n<p>El suministro de datos personales a trav\u00e9s de nuestro portal requiere una edad m\u00ednima de 14 a\u00f1os y la aceptaci\u00f3n expresa de nuestra Pol\u00edtica de Privacidad.<\/p>\n\n\n\n<p><strong>D. RESPONSABILIDADES<\/strong><\/p>\n\n\n\n<p>Al poner a disposici\u00f3n de la PERSONA USUARIA esta p\u00e1gina Web queremos ofrecerle un servicio de calidad, utilizando la m\u00e1xima diligencia en la prestaci\u00f3n del mismo, as\u00ed como en los medios tecnol\u00f3gicos utilizados. No obstante, ASOCIACI\u00d3N PASEO DE GRACIA no garantiza que la disponibilidad del servicio sea continua e ininterrumpida, por circunstancias originadas por problemas en la red de Internet, aver\u00edas en los dispositivos inform\u00e1ticos u otras circunstancias imprevisibles, de manera que la PERSONA USUARIA acepta soportar dentro de unos l\u00edmites razonables estas circunstancias.<\/p>\n\n\n\n<p>Esta p\u00e1gina web, salvo lo regulado, en su caso, por algunas condiciones de uso espec\u00edficas, es puramente informativa y de presentaci\u00f3n corporativa de nuestros productos y servicios, por lo que ASOCIACI\u00d3N PASEO DE GRACIA no se responsabiliza por las expectativas de cualquier tipo que pueda generar a la PERSONA USUARIA.<\/p>\n\n\n\n<p>Todo lo referente a nuestra p\u00e1gina web, se rige exclusivamente por las leyes espa\u00f1olas. En el caso de que se produzca cualquier tipo de discrepancia o diferencia entre las partes en relaci\u00f3n con la interpretaci\u00f3n y contenido de la presente p\u00e1gina web, todas las partes se someten a los Juzgados y Tribunales que legalmente correspondan.<\/p>\n\n\n\n<p><strong>E. VIGENCIA DE LAS CONDICIONES GENERALES DE ACCESO A LA WEB<\/strong><\/p>\n\n\n\n<p>Las presentes Condiciones Generales de Uso han sido modificadas con fecha dd\/mm\/2023. En cualquier momento podemos proceder a su modificaci\u00f3n: por favor, compruebe la fecha de emisi\u00f3n en cada ocasi\u00f3n en que se conecte a nuestra p\u00e1gina Web y as\u00ed tendr\u00e1 la certeza de que no se ha producido modificaci\u00f3n alguna que le afecte.<\/p>\n\n\n\n<p>Para cualquier cuesti\u00f3n respecto a las Condiciones de Uso de nuestra p\u00e1gina web, puede ponerse en contacto con nosotros en los datos arriba indicados, o con Lant Abogados en <a href=\"mailto:info@lant-abogados.com\">info@lant-abogados.com<\/a> o en <a href=\"https:\/\/www.lant-abogados.com\/\">https:\/\/www.lant-abogados.com\/<\/a>.<\/p>\n","protected":false},"excerpt":{"rendered":"<p>Esta p\u00e1gina Web es propiedad de ASSOCIACIO AMICS DEL PASSEIG DE GRACIA (en adelante ASOCIACI\u00d3N PASEO DE GRACIA), con NIF n\u00ba G58760786 y domicilio en Ps. de Gr\u00e0cia, 37, 2\u00ba 1\u00aa, 08007, Barcelona (Espa\u00f1a) e Inscrita en el Registro \u2026\u2026\u2026\u2026\u2026\u2026\u2026\u2026\u2026\u2026\u2026\u2026\u2026\u2026\u2026\u2026\u2026\u2026\u2026\u2026 Para cualquier consulta o propuesta, cont\u00e1ctenos llamando al tel\u00e9fono +34 93 302 76 16 o [&hellip;]<\/p>\n","protected":false},"author":8,"featured_media":0,"parent":0,"menu_order":0,"comment_status":"closed","ping_status":"closed","template":"page-empty.php","meta":{"footnotes":""},"yoast_head":"<!-- This site is optimized with the Yoast SEO plugin v15.8 - https:\/\/yoast.com\/wordpress\/plugins\/seo\/ -->\n<title>Aviso legal - Associaci\u00f3 de Passeig de Gr\u00e0cia<\/title>\n<meta name=\"robots\" content=\"index, follow, max-snippet:-1, max-image-preview:large, max-video-preview:-1\" \/>\n<link rel=\"canonical\" href=\"https:\/\/barcelonapaseodegracia.com\/es\/aviso-legal\/\" \/>\n<meta property=\"og:locale\" content=\"es_ES\" \/>\n<meta property=\"og:type\" content=\"article\" \/>\n<meta property=\"og:title\" content=\"Aviso legal - Associaci\u00f3 de Passeig de Gr\u00e0cia\" \/>\n<meta property=\"og:description\" content=\"Esta p\u00e1gina Web es propiedad de ASSOCIACIO AMICS DEL PASSEIG DE GRACIA (en adelante ASOCIACI\u00d3N PASEO DE GRACIA), con NIF n\u00ba G58760786 y domicilio en Ps. de Gr\u00e0cia, 37, 2\u00ba 1\u00aa, 08007, Barcelona (Espa\u00f1a) e Inscrita en el Registro \u2026\u2026\u2026\u2026\u2026\u2026\u2026\u2026\u2026\u2026\u2026\u2026\u2026\u2026\u2026\u2026\u2026\u2026\u2026\u2026 Para cualquier consulta o propuesta, cont\u00e1ctenos llamando al tel\u00e9fono +34 93 302 76 16 o [&hellip;]\" \/>\n<meta property=\"og:url\" content=\"https:\/\/barcelonapaseodegracia.com\/es\/aviso-legal\/\" \/>\n<meta property=\"og:site_name\" content=\"Associaci\u00f3 de Passeig de Gr\u00e0cia\" \/>\n<meta property=\"article:modified_time\" content=\"2024-06-05T10:47:16+00:00\" \/>\n<meta name=\"twitter:card\" content=\"summary\" \/>\n<meta name=\"twitter:label1\" content=\"Tiempo de lectura\">\n\t<meta name=\"twitter:data1\" content=\"6 minutos\">\n<script type=\"application\/ld+json\" class=\"yoast-schema-graph\">{\"@context\":\"https:\/\/schema.org\",\"@graph\":[{\"@type\":\"WebSite\",\"@id\":\"https:\/\/barcelonapaseodegracia.com\/es\/#website\",\"url\":\"https:\/\/barcelonapaseodegracia.com\/es\/\",\"name\":\"Associaci\\u00f3 de Passeig de Gr\\u00e0cia\",\"description\":\"Otro sitio realizado con WordPress\",\"potentialAction\":[{\"@type\":\"SearchAction\",\"target\":\"https:\/\/barcelonapaseodegracia.com\/es\/?s={search_term_string}\",\"query-input\":\"required name=search_term_string\"}],\"inLanguage\":\"es\"},{\"@type\":\"WebPage\",\"@id\":\"https:\/\/barcelonapaseodegracia.com\/es\/aviso-legal\/#webpage\",\"url\":\"https:\/\/barcelonapaseodegracia.com\/es\/aviso-legal\/\",\"name\":\"Aviso legal - Associaci\\u00f3 de Passeig de Gr\\u00e0cia\",\"isPartOf\":{\"@id\":\"https:\/\/barcelonapaseodegracia.com\/es\/#website\"},\"datePublished\":\"2023-06-29T08:07:32+00:00\",\"dateModified\":\"2024-06-05T10:47:16+00:00\",\"breadcrumb\":{\"@id\":\"https:\/\/barcelonapaseodegracia.com\/es\/aviso-legal\/#breadcrumb\"},\"inLanguage\":\"es\",\"potentialAction\":[{\"@type\":\"ReadAction\",\"target\":[\"https:\/\/barcelonapaseodegracia.com\/es\/aviso-legal\/\"]}]},{\"@type\":\"BreadcrumbList\",\"@id\":\"https:\/\/barcelonapaseodegracia.com\/es\/aviso-legal\/#breadcrumb\",\"itemListElement\":[{\"@type\":\"ListItem\",\"position\":1,\"item\":{\"@type\":\"WebPage\",\"@id\":\"https:\/\/barcelonapaseodegracia.com\/es\/\",\"url\":\"https:\/\/barcelonapaseodegracia.com\/es\/\",\"name\":\"Portada\"}},{\"@type\":\"ListItem\",\"position\":2,\"item\":{\"@type\":\"WebPage\",\"@id\":\"https:\/\/barcelonapaseodegracia.com\/es\/aviso-legal\/\",\"url\":\"https:\/\/barcelonapaseodegracia.com\/es\/aviso-legal\/\",\"name\":\"Aviso legal\"}}]}]}<\/script>\n<!-- \/ Yoast SEO plugin. -->","_links":{"self":[{"href":"https:\/\/barcelonapaseodegracia.com\/es\/wp-json\/wp\/v2\/pages\/8700"}],"collection":[{"href":"https:\/\/barcelonapaseodegracia.com\/es\/wp-json\/wp\/v2\/pages"}],"about":[{"href":"https:\/\/barcelonapaseodegracia.com\/es\/wp-json\/wp\/v2\/types\/page"}],"author":[{"embeddable":true,"href":"https:\/\/barcelonapaseodegracia.com\/es\/wp-json\/wp\/v2\/users\/8"}],"replies":[{"embeddable":true,"href":"https:\/\/barcelonapaseodegracia.com\/es\/wp-json\/wp\/v2\/comments?post=8700"}],"version-history":[{"count":5,"href":"https:\/\/barcelonapaseodegracia.com\/es\/wp-json\/wp\/v2\/pages\/8700\/revisions"}],"predecessor-version":[{"id":9414,"href":"https:\/\/barcelonapaseodegracia.com\/es\/wp-json\/wp\/v2\/pages\/8700\/revisions\/9414"}],"wp:attachment":[{"href":"https:\/\/barcelonapaseodegracia.com\/es\/wp-json\/wp\/v2\/media?parent=8700"}],"curies":[{"name":"wp","href":"https:\/\/api.w.org\/{rel}","templated":true}]}}