{"id":121,"date":"2017-07-13T14:19:58","date_gmt":"2017-07-13T14:19:58","guid":{"rendered":"https:\/\/barcelonapaseodegracia.com\/?page_id=121"},"modified":"2024-06-28T09:49:34","modified_gmt":"2024-06-28T09:49:34","slug":"historia","status":"publish","type":"page","link":"https:\/\/barcelonapaseodegracia.com\/es\/historia\/","title":{"rendered":"Historia"},"content":{"rendered":"","protected":false},"excerpt":{"rendered":"","protected":false},"author":1,"featured_media":0,"parent":0,"menu_order":0,"comment_status":"closed","ping_status":"closed","template":"","meta":{"footnotes":""},"yoast_head":"<!-- This site is optimized with the Yoast SEO plugin v15.8 - https:\/\/yoast.com\/wordpress\/plugins\/seo\/ -->\n<title>Paseo de Gracia Barcelona | Historia<\/title>\n<meta name=\"description\" content=\"Conoce los or\u00edgenes e historia de una de las avenidas m\u00e1s importantes de Barcelona y donde se re\u00fanen las principales joyas de la arquitectura modernista.\" \/>\n<meta name=\"robots\" content=\"index, follow, max-snippet:-1, max-image-preview:large, max-video-preview:-1\" \/>\n<link rel=\"canonical\" href=\"https:\/\/barcelonapaseodegracia.com\/es\/historia\/\" \/>\n<meta property=\"og:locale\" content=\"es_ES\" \/>\n<meta property=\"og:type\" content=\"article\" \/>\n<meta property=\"og:title\" content=\"Paseo de Gracia Barcelona | Historia\" \/>\n<meta property=\"og:description\" content=\"Conoce los or\u00edgenes e historia de una de las avenidas m\u00e1s importantes de Barcelona y donde se re\u00fanen las principales joyas de la arquitectura modernista.\" \/>\n<meta property=\"og:url\" content=\"https:\/\/barcelonapaseodegracia.com\/es\/historia\/\" \/>\n<meta property=\"og:site_name\" content=\"Associaci\u00f3 de Passeig de Gr\u00e0cia\" \/>\n<meta property=\"article:modified_time\" content=\"2024-06-28T09:49:34+00:00\" \/>\n<meta name=\"twitter:card\" content=\"summary\" \/>\n<script type=\"application\/ld+json\" class=\"yoast-schema-graph\">{\"@context\":\"https:\/\/schema.org\",\"@graph\":[{\"@type\":\"WebSite\",\"@id\":\"https:\/\/barcelonapaseodegracia.com\/es\/#website\",\"url\":\"https:\/\/barcelonapaseodegracia.com\/es\/\",\"name\":\"Associaci\\u00f3 de Passeig de Gr\\u00e0cia\",\"description\":\"Otro sitio realizado con WordPress\",\"potentialAction\":[{\"@type\":\"SearchAction\",\"target\":\"https:\/\/barcelonapaseodegracia.com\/es\/?s={search_term_string}\",\"query-input\":\"required name=search_term_string\"}],\"inLanguage\":\"es\"},{\"@type\":\"WebPage\",\"@id\":\"https:\/\/barcelonapaseodegracia.com\/es\/historia\/#webpage\",\"url\":\"https:\/\/barcelonapaseodegracia.com\/es\/historia\/\",\"name\":\"Paseo de Gracia Barcelona | Historia\",\"isPartOf\":{\"@id\":\"https:\/\/barcelonapaseodegracia.com\/es\/#website\"},\"datePublished\":\"2017-07-13T14:19:58+00:00\",\"dateModified\":\"2024-06-28T09:49:34+00:00\",\"description\":\"Conoce los or\\u00edgenes e historia de una de las avenidas m\\u00e1s importantes de Barcelona y donde se re\\u00fanen las principales joyas de la arquitectura modernista.\",\"breadcrumb\":{\"@id\":\"https:\/\/barcelonapaseodegracia.com\/es\/historia\/#breadcrumb\"},\"inLanguage\":\"es\",\"potentialAction\":[{\"@type\":\"ReadAction\",\"target\":[\"https:\/\/barcelonapaseodegracia.com\/es\/historia\/\"]}]},{\"@type\":\"BreadcrumbList\",\"@id\":\"https:\/\/barcelonapaseodegracia.com\/es\/historia\/#breadcrumb\",\"itemListElement\":[{\"@type\":\"ListItem\",\"position\":1,\"item\":{\"@type\":\"WebPage\",\"@id\":\"https:\/\/barcelonapaseodegracia.com\/es\/\",\"url\":\"https:\/\/barcelonapaseodegracia.com\/es\/\",\"name\":\"Portada\"}},{\"@type\":\"ListItem\",\"position\":2,\"item\":{\"@type\":\"WebPage\",\"@id\":\"https:\/\/barcelonapaseodegracia.com\/es\/historia\/\",\"url\":\"https:\/\/barcelonapaseodegracia.com\/es\/historia\/\",\"name\":\"Historia\"}}]}]}<\/script>\n<!-- \/ Yoast SEO plugin. -->","_links":{"self":[{"href":"https:\/\/barcelonapaseodegracia.com\/es\/wp-json\/wp\/v2\/pages\/121"}],"collection":[{"href":"https:\/\/barcelonapaseodegracia.com\/es\/wp-json\/wp\/v2\/pages"}],"about":[{"href":"https:\/\/barcelonapaseodegracia.com\/es\/wp-json\/wp\/v2\/types\/page"}],"author":[{"embeddable":true,"href":"https:\/\/barcelonapaseodegracia.com\/es\/wp-json\/wp\/v2\/users\/1"}],"replies":[{"embeddable":true,"href":"https:\/\/barcelonapaseodegracia.com\/es\/wp-json\/wp\/v2\/comments?post=121"}],"version-history":[{"count":18,"href":"https:\/\/barcelonapaseodegracia.com\/es\/wp-json\/wp\/v2\/pages\/121\/revisions"}],"predecessor-version":[{"id":2939,"href":"https:\/\/barcelonapaseodegracia.com\/es\/wp-json\/wp\/v2\/pages\/121\/revisions\/2939"}],"wp:attachment":[{"href":"https:\/\/barcelonapaseodegracia.com\/es\/wp-json\/wp\/v2\/media?parent=121"}],"curies":[{"name":"wp","href":"https:\/\/api.w.org\/{rel}","templated":true}]}}