{"id":1156,"date":"2017-07-13T11:37:57","date_gmt":"2017-07-13T11:37:57","guid":{"rendered":"https:\/\/barcelonapaseodegracia.com\/practical-info\/"},"modified":"2018-06-14T12:53:12","modified_gmt":"2018-06-14T12:53:12","slug":"informacio-practica","status":"publish","type":"page","link":"https:\/\/barcelonapaseodegracia.com\/ca\/informacio-practica\/","title":{"rendered":"Informaci\u00f3 Pr\u00e0ctica"},"content":{"rendered":"","protected":false},"excerpt":{"rendered":"","protected":false},"author":1,"featured_media":0,"parent":0,"menu_order":0,"comment_status":"closed","ping_status":"closed","template":"","meta":{"footnotes":""},"yoast_head":"<!-- This site is optimized with the Yoast SEO plugin v15.8 - https:\/\/yoast.com\/wordpress\/plugins\/seo\/ -->\n<title>Passeig de Gr\u00e0cia Barcelona | Informaci\u00f3 pr\u00e0ctica<\/title>\n<meta name=\"description\" content=\"Tota la informaci\u00f3 que necessites saber per arribar a l&#039;avinguda m\u00e9s important de Bacelona, el Passeig de Gr\u00e0cia.\" \/>\n<meta name=\"robots\" content=\"index, follow, max-snippet:-1, max-image-preview:large, max-video-preview:-1\" \/>\n<link rel=\"canonical\" href=\"https:\/\/barcelonapaseodegracia.com\/ca\/informacio-practica\/\" \/>\n<meta property=\"og:locale\" content=\"ca_ES\" \/>\n<meta property=\"og:type\" content=\"article\" \/>\n<meta property=\"og:title\" content=\"Passeig de Gr\u00e0cia Barcelona | Informaci\u00f3 pr\u00e0ctica\" \/>\n<meta property=\"og:description\" content=\"Tota la informaci\u00f3 que necessites saber per arribar a l&#039;avinguda m\u00e9s important de Bacelona, el Passeig de Gr\u00e0cia.\" \/>\n<meta property=\"og:url\" content=\"https:\/\/barcelonapaseodegracia.com\/ca\/informacio-practica\/\" \/>\n<meta property=\"og:site_name\" content=\"Associaci\u00f3 de Passeig de Gr\u00e0cia\" \/>\n<meta property=\"article:modified_time\" content=\"2018-06-14T12:53:12+00:00\" \/>\n<meta name=\"twitter:card\" content=\"summary\" \/>\n<script type=\"application\/ld+json\" class=\"yoast-schema-graph\">{\"@context\":\"https:\/\/schema.org\",\"@graph\":[{\"@type\":\"WebSite\",\"@id\":\"https:\/\/barcelonapaseodegracia.com\/es\/#website\",\"url\":\"https:\/\/barcelonapaseodegracia.com\/es\/\",\"name\":\"Associaci\\u00f3 de Passeig de Gr\\u00e0cia\",\"description\":\"Otro sitio realizado con WordPress\",\"potentialAction\":[{\"@type\":\"SearchAction\",\"target\":\"https:\/\/barcelonapaseodegracia.com\/es\/?s={search_term_string}\",\"query-input\":\"required name=search_term_string\"}],\"inLanguage\":\"ca\"},{\"@type\":\"WebPage\",\"@id\":\"https:\/\/barcelonapaseodegracia.com\/ca\/informacio-practica\/#webpage\",\"url\":\"https:\/\/barcelonapaseodegracia.com\/ca\/informacio-practica\/\",\"name\":\"Passeig de Gr\\u00e0cia Barcelona | Informaci\\u00f3 pr\\u00e0ctica\",\"isPartOf\":{\"@id\":\"https:\/\/barcelonapaseodegracia.com\/es\/#website\"},\"datePublished\":\"2017-07-13T11:37:57+00:00\",\"dateModified\":\"2018-06-14T12:53:12+00:00\",\"description\":\"Tota la informaci\\u00f3 que necessites saber per arribar a l'avinguda m\\u00e9s important de Bacelona, el Passeig de Gr\\u00e0cia.\",\"breadcrumb\":{\"@id\":\"https:\/\/barcelonapaseodegracia.com\/ca\/informacio-practica\/#breadcrumb\"},\"inLanguage\":\"ca\",\"potentialAction\":[{\"@type\":\"ReadAction\",\"target\":[\"https:\/\/barcelonapaseodegracia.com\/ca\/informacio-practica\/\"]}]},{\"@type\":\"BreadcrumbList\",\"@id\":\"https:\/\/barcelonapaseodegracia.com\/ca\/informacio-practica\/#breadcrumb\",\"itemListElement\":[{\"@type\":\"ListItem\",\"position\":1,\"item\":{\"@type\":\"WebPage\",\"@id\":\"https:\/\/barcelonapaseodegracia.com\/ca\/\",\"url\":\"https:\/\/barcelonapaseodegracia.com\/ca\/\",\"name\":\"Home\"}},{\"@type\":\"ListItem\",\"position\":2,\"item\":{\"@type\":\"WebPage\",\"@id\":\"https:\/\/barcelonapaseodegracia.com\/ca\/informacio-practica\/\",\"url\":\"https:\/\/barcelonapaseodegracia.com\/ca\/informacio-practica\/\",\"name\":\"Informaci\\u00f3 Pr\\u00e0ctica\"}}]}]}<\/script>\n<!-- \/ Yoast SEO plugin. -->","_links":{"self":[{"href":"https:\/\/barcelonapaseodegracia.com\/ca\/wp-json\/wp\/v2\/pages\/1156"}],"collection":[{"href":"https:\/\/barcelonapaseodegracia.com\/ca\/wp-json\/wp\/v2\/pages"}],"about":[{"href":"https:\/\/barcelonapaseodegracia.com\/ca\/wp-json\/wp\/v2\/types\/page"}],"author":[{"embeddable":true,"href":"https:\/\/barcelonapaseodegracia.com\/ca\/wp-json\/wp\/v2\/users\/1"}],"replies":[{"embeddable":true,"href":"https:\/\/barcelonapaseodegracia.com\/ca\/wp-json\/wp\/v2\/comments?post=1156"}],"version-history":[{"count":6,"href":"https:\/\/barcelonapaseodegracia.com\/ca\/wp-json\/wp\/v2\/pages\/1156\/revisions"}],"predecessor-version":[{"id":2895,"href":"https:\/\/barcelonapaseodegracia.com\/ca\/wp-json\/wp\/v2\/pages\/1156\/revisions\/2895"}],"wp:attachment":[{"href":"https:\/\/barcelonapaseodegracia.com\/ca\/wp-json\/wp\/v2\/media?parent=1156"}],"curies":[{"name":"wp","href":"https:\/\/api.w.org\/{rel}","templated":true}]}}